{"id":90,"date":"2020-05-13T17:18:38","date_gmt":"2020-05-13T17:18:38","guid":{"rendered":"http:\/\/web349.c5.webspace-verkauf.de\/?page_id=90"},"modified":"2024-06-26T08:47:36","modified_gmt":"2024-06-26T08:47:36","slug":"lebensbilder","status":"publish","type":"page","link":"https:\/\/www.troesser-art.de\/?page_id=90","title":{"rendered":"Lebensbilder"},"content":{"rendered":"\t\t<div data-elementor-type=\"wp-page\" data-elementor-id=\"90\" class=\"elementor elementor-90\">\n\t\t\t\t\t\t<div class=\"elementor-inner\">\n\t\t\t\t<div class=\"elementor-section-wrap\">\n\t\t\t\t\t\t\t\t\t<section class=\"elementor-section elementor-top-section elementor-element elementor-element-661fc61 elementor-section-boxed elementor-section-height-default elementor-section-height-default\" data-id=\"661fc61\" data-element_type=\"section\">\n\t\t\t\t\t\t<div class=\"elementor-container elementor-column-gap-default\">\n\t\t\t\t\t\t\t<div class=\"elementor-row\">\n\t\t\t\t\t<div class=\"elementor-column elementor-col-100 elementor-top-column elementor-element elementor-element-329bb2c\" data-id=\"329bb2c\" data-element_type=\"column\">\n\t\t\t<div class=\"elementor-column-wrap elementor-element-populated\">\n\t\t\t\t\t\t\t<div class=\"elementor-widget-wrap\">\n\t\t\t\t\t\t<div class=\"elementor-element elementor-element-1bd492a elementor-widget elementor-widget-heading\" data-id=\"1bd492a\" data-element_type=\"widget\" data-widget_type=\"heading.default\">\n\t\t\t\t<div class=\"elementor-widget-container\">\n\t\t\t<h5 class=\"elementor-heading-title elementor-size-large\"><br><br>Exklusiv, individuell, authentisch : <br><br>Das Leben in einem Bild <br><br>Das Lebensbild<br><br><br><\/h5>\t\t<\/div>\n\t\t\t\t<\/div>\n\t\t\t\t<div class=\"elementor-element elementor-element-019dae1 elementor-widget elementor-widget-image\" data-id=\"019dae1\" data-element_type=\"widget\" data-widget_type=\"image.default\">\n\t\t\t\t<div class=\"elementor-widget-container\">\n\t\t\t\t\t\t\t\t<div class=\"elementor-image\">\n\t\t\t\t\t\t\t\t\t\t\t\t<img loading=\"lazy\" decoding=\"async\" width=\"750\" height=\"1005\" src=\"https:\/\/www.troesser-art.de\/wp-content\/uploads\/2020\/05\/Mops-cut-adjust-contrast-768x1029.jpeg?v=1589819597\" class=\"attachment-medium_large size-medium_large\" alt=\"\" srcset=\"https:\/\/www.troesser-art.de\/wp-content\/uploads\/2020\/05\/Mops-cut-adjust-contrast-768x1029.jpeg?v=1589819597 768w, https:\/\/www.troesser-art.de\/wp-content\/uploads\/2020\/05\/Mops-cut-adjust-contrast-224x300.jpeg?v=1589819597 224w, https:\/\/www.troesser-art.de\/wp-content\/uploads\/2020\/05\/Mops-cut-adjust-contrast-764x1024.jpeg?v=1589819597 764w, https:\/\/www.troesser-art.de\/wp-content\/uploads\/2020\/05\/Mops-cut-adjust-contrast-1146x1536.jpeg?v=1589819597 1146w, https:\/\/www.troesser-art.de\/wp-content\/uploads\/2020\/05\/Mops-cut-adjust-contrast-1528x2048.jpeg?v=1589819597 1528w, https:\/\/www.troesser-art.de\/wp-content\/uploads\/2020\/05\/Mops-cut-adjust-contrast-830x1112.jpeg?v=1589819597 830w, https:\/\/www.troesser-art.de\/wp-content\/uploads\/2020\/05\/Mops-cut-adjust-contrast-230x308.jpeg?v=1589819597 230w, https:\/\/www.troesser-art.de\/wp-content\/uploads\/2020\/05\/Mops-cut-adjust-contrast-350x469.jpeg?v=1589819597 350w, https:\/\/www.troesser-art.de\/wp-content\/uploads\/2020\/05\/Mops-cut-adjust-contrast-480x643.jpeg?v=1589819597 480w, https:\/\/www.troesser-art.de\/wp-content\/uploads\/2020\/05\/Mops-cut-adjust-contrast-scaled.jpeg?v=1589819597 1910w\" sizes=\"auto, (max-width: 750px) 100vw, 750px\" \/>\t\t\t\t\t\t\t\t\t\t\t\t\t\t<\/div>\n\t\t\t\t\t\t<\/div>\n\t\t\t\t<\/div>\n\t\t\t\t<div class=\"elementor-element elementor-element-842c496 elementor-widget elementor-widget-text-editor\" data-id=\"842c496\" data-element_type=\"widget\" data-widget_type=\"text-editor.default\">\n\t\t\t\t<div class=\"elementor-widget-container\">\n\t\t\t\t\t\t\t\t<div class=\"elementor-text-editor elementor-clearfix\">\n\t\t\t\t<p><em>Auftrag :\u00a0<\/em><em>Karla der Mops sieht in eine Seifenblase, <\/em><em>auf der sich die Silhouette von Mainz spiegelt&#8230;..<\/em><em>\u00a0<\/em><\/p>\t\t\t\t\t<\/div>\n\t\t\t\t\t\t<\/div>\n\t\t\t\t<\/div>\n\t\t\t\t<div class=\"elementor-element elementor-element-7206e64 elementor-widget elementor-widget-text-editor\" data-id=\"7206e64\" data-element_type=\"widget\" data-widget_type=\"text-editor.default\">\n\t\t\t\t<div class=\"elementor-widget-container\">\n\t\t\t\t\t\t\t\t<div class=\"elementor-text-editor elementor-clearfix\">\n\t\t\t\t<p>Bilder erz\u00e4hlen eine Geschichte wie ein Roman, eine Kurzgeschichte, ein Film oder ein Gedicht. Lebensbilder erz\u00e4hlen die Geschichte eines Lebens : die wichtigsten H\u00f6hepunkte, die gr\u00f6\u00dften Leidenschaften, die sch\u00f6nsten Momente alleine, zu zweit, in der Familie. Meine erste Liebe, mein wichtigstes Hobby, meine beste Freundin, mein erstes Auto oder der Stein an dem Strand, wo wir uns kennengelernt haben. Oder die Geschichte einer Firma, eines Lebensthemas, eines besonderen Hobbys usw. Oder alles zusammen..<\/p>\t\t\t\t\t<\/div>\n\t\t\t\t\t\t<\/div>\n\t\t\t\t<\/div>\n\t\t\t\t\t\t<\/div>\n\t\t\t\t\t<\/div>\n\t\t<\/div>\n\t\t\t\t\t\t\t\t<\/div>\n\t\t\t\t\t<\/div>\n\t\t<\/section>\n\t\t\t\t<section class=\"elementor-section elementor-top-section elementor-element elementor-element-b8707cb elementor-section-boxed elementor-section-height-default elementor-section-height-default\" data-id=\"b8707cb\" data-element_type=\"section\">\n\t\t\t\t\t\t<div class=\"elementor-container elementor-column-gap-default\">\n\t\t\t\t\t\t\t<div class=\"elementor-row\">\n\t\t\t\t\t<div class=\"elementor-column elementor-col-100 elementor-top-column elementor-element elementor-element-1f5cef7\" data-id=\"1f5cef7\" data-element_type=\"column\">\n\t\t\t<div class=\"elementor-column-wrap elementor-element-populated\">\n\t\t\t\t\t\t\t<div class=\"elementor-widget-wrap\">\n\t\t\t\t\t\t<div class=\"elementor-element elementor-element-71ded70 elementor-widget elementor-widget-image-gallery\" data-id=\"71ded70\" data-element_type=\"widget\" data-widget_type=\"image-gallery.default\">\n\t\t\t\t<div class=\"elementor-widget-container\">\n\t\t\t\t\t<div class=\"elementor-image-gallery\">\n\t\t\t\n\t\t<style type=\"text\/css\">\n\t\t\t#gallery-1 {\n\t\t\t\tmargin: auto;\n\t\t\t}\n\t\t\t#gallery-1 .gallery-item {\n\t\t\t\tfloat: left;\n\t\t\t\tmargin-top: 10px;\n\t\t\t\ttext-align: center;\n\t\t\t\twidth: 25%;\n\t\t\t}\n\t\t\t#gallery-1 img {\n\t\t\t\tborder: 2px solid #cfcfcf;\n\t\t\t}\n\t\t\t#gallery-1 .gallery-caption {\n\t\t\t\tmargin-left: 0;\n\t\t\t}\n\t\t\t\/* see gallery_shortcode() in wp-includes\/media.php *\/\n\t\t<\/style>\n\t\t<div id='gallery-1' class='gallery galleryid-90 gallery-columns-4 gallery-size-thumbnail'><dl class='gallery-item'>\n\t\t\t<dt class='gallery-icon landscape'>\n\t\t\t\t<a data-elementor-open-lightbox=\"yes\" data-elementor-lightbox-slideshow=\"71ded70\" e-action-hash=\"#elementor-action%3Aaction%3Dlightbox%26settings%3DeyJpZCI6NDc0MSwidXJsIjoiaHR0cHM6XC9cL3d3dy50cm9lc3Nlci1hcnQuZGVcL3dwLWNvbnRlbnRcL3VwbG9hZHNcLzIwMjFcLzAyXC8yMDIwMDIxOF8yMjM3MDAtc2NhbGVkLmpwZyIsInNsaWRlc2hvdyI6IjcxZGVkNzAifQ%3D%3D\" href='https:\/\/www.troesser-art.de\/wp-content\/uploads\/2021\/02\/20200218_223700-scaled.jpg'><img loading=\"lazy\" decoding=\"async\" width=\"150\" height=\"150\" src=\"https:\/\/www.troesser-art.de\/wp-content\/uploads\/2021\/02\/20200218_223700-150x150.jpg?v=1612384445\" class=\"attachment-thumbnail size-thumbnail\" alt=\"\" srcset=\"https:\/\/www.troesser-art.de\/wp-content\/uploads\/2021\/02\/20200218_223700-150x150.jpg?v=1612384445 150w, https:\/\/www.troesser-art.de\/wp-content\/uploads\/2021\/02\/20200218_223700-300x300.jpg?v=1612384445 300w\" sizes=\"auto, (max-width: 150px) 100vw, 150px\" \/><\/a>\n\t\t\t<\/dt><\/dl><dl class='gallery-item'>\n\t\t\t<dt class='gallery-icon landscape'>\n\t\t\t\t<a data-elementor-open-lightbox=\"yes\" data-elementor-lightbox-slideshow=\"71ded70\" e-action-hash=\"#elementor-action%3Aaction%3Dlightbox%26settings%3DeyJpZCI6MzI2MSwidXJsIjoiaHR0cHM6XC9cL3d3dy50cm9lc3Nlci1hcnQuZGVcL3dwLWNvbnRlbnRcL3VwbG9hZHNcLzIwMjBcLzEwXC9EU0MwMDQxOS1Lb3BpZS0zMDB4MjI1LTEuanBnIiwic2xpZGVzaG93IjoiNzFkZWQ3MCJ9\" href='https:\/\/www.troesser-art.de\/wp-content\/uploads\/2020\/10\/DSC00419-Kopie-300x225-1.jpg'><img loading=\"lazy\" decoding=\"async\" width=\"150\" height=\"150\" src=\"https:\/\/www.troesser-art.de\/wp-content\/uploads\/2020\/10\/DSC00419-Kopie-300x225-1-150x150.jpg?v=1601726349\" class=\"attachment-thumbnail size-thumbnail\" alt=\"\" \/><\/a>\n\t\t\t<\/dt><\/dl><dl class='gallery-item'>\n\t\t\t<dt class='gallery-icon landscape'>\n\t\t\t\t<a data-elementor-open-lightbox=\"yes\" data-elementor-lightbox-slideshow=\"71ded70\" e-action-hash=\"#elementor-action%3Aaction%3Dlightbox%26settings%3DeyJpZCI6MjI3NiwidXJsIjoiaHR0cHM6XC9cL3d3dy50cm9lc3Nlci1hcnQuZGVcL3dwLWNvbnRlbnRcL3VwbG9hZHNcLzIwMjBcLzA2XC9LODAwX1NjaHdhbmVuZW5nZWwtMDExLTMwMHgyMjctMS5qcGciLCJzbGlkZXNob3ciOiI3MWRlZDcwIn0%3D\" href='https:\/\/www.troesser-art.de\/wp-content\/uploads\/2020\/06\/K800_Schwanenengel-011-300x227-1.jpg'><img loading=\"lazy\" decoding=\"async\" width=\"150\" height=\"150\" src=\"https:\/\/www.troesser-art.de\/wp-content\/uploads\/2020\/06\/K800_Schwanenengel-011-300x227-1-150x150.jpg?v=1593172153\" class=\"attachment-thumbnail size-thumbnail\" alt=\"\" \/><\/a>\n\t\t\t<\/dt><\/dl><dl class='gallery-item'>\n\t\t\t<dt class='gallery-icon landscape'>\n\t\t\t\t<a data-elementor-open-lightbox=\"yes\" data-elementor-lightbox-slideshow=\"71ded70\" e-action-hash=\"#elementor-action%3Aaction%3Dlightbox%26settings%3DeyJpZCI6MTE5MSwidXJsIjoiaHR0cHM6XC9cL3d3dy50cm9lc3Nlci1hcnQuZGVcL3dwLWNvbnRlbnRcL3VwbG9hZHNcLzIwMjBcLzA2XC8xMDFtMTJtaF8xX25cdTAwZmNyYnVyZ18wMDA0LW9wdGltaXplLmpwZWciLCJzbGlkZXNob3ciOiI3MWRlZDcwIn0%3D\" href='https:\/\/www.troesser-art.de\/wp-content\/uploads\/2020\/06\/101m12mh_1_n\u00fcrburg_0004-optimize.jpeg'><img loading=\"lazy\" decoding=\"async\" width=\"150\" height=\"150\" src=\"https:\/\/www.troesser-art.de\/wp-content\/uploads\/2020\/06\/101m12mh_1_n\u00fcrburg_0004-optimize-150x150.jpeg?v=1591471135\" class=\"attachment-thumbnail size-thumbnail\" alt=\"\" \/><\/a>\n\t\t\t<\/dt><\/dl><br style=\"clear: both\" \/><dl class='gallery-item'>\n\t\t\t<dt class='gallery-icon landscape'>\n\t\t\t\t<a data-elementor-open-lightbox=\"yes\" data-elementor-lightbox-slideshow=\"71ded70\" e-action-hash=\"#elementor-action%3Aaction%3Dlightbox%26settings%3DeyJpZCI6MTE4OSwidXJsIjoiaHR0cHM6XC9cL3d3dy50cm9lc3Nlci1hcnQuZGVcL3dwLWNvbnRlbnRcL3VwbG9hZHNcLzIwMjBcLzA2XC9JTUdfOTYzOC1Lb3BpZS5qcGVnIiwic2xpZGVzaG93IjoiNzFkZWQ3MCJ9\" href='https:\/\/www.troesser-art.de\/wp-content\/uploads\/2020\/06\/IMG_9638-Kopie.jpeg'><img loading=\"lazy\" decoding=\"async\" width=\"150\" height=\"150\" src=\"https:\/\/www.troesser-art.de\/wp-content\/uploads\/2020\/06\/IMG_9638-Kopie-150x150.jpeg?v=1591471112\" class=\"attachment-thumbnail size-thumbnail\" alt=\"\" \/><\/a>\n\t\t\t<\/dt><\/dl><dl class='gallery-item'>\n\t\t\t<dt class='gallery-icon landscape'>\n\t\t\t\t<a data-elementor-open-lightbox=\"yes\" data-elementor-lightbox-slideshow=\"71ded70\" e-action-hash=\"#elementor-action%3Aaction%3Dlightbox%26settings%3DeyJpZCI6MTE4OCwidXJsIjoiaHR0cHM6XC9cL3d3dy50cm9lc3Nlci1hcnQuZGVcL3dwLWNvbnRlbnRcL3VwbG9hZHNcLzIwMjBcLzA2XC9uYXNwYS5qcGVnIiwic2xpZGVzaG93IjoiNzFkZWQ3MCJ9\" href='https:\/\/www.troesser-art.de\/wp-content\/uploads\/2020\/06\/naspa.jpeg'><img loading=\"lazy\" decoding=\"async\" width=\"150\" height=\"150\" src=\"https:\/\/www.troesser-art.de\/wp-content\/uploads\/2020\/06\/naspa-150x150.jpeg?v=1591471109\" class=\"attachment-thumbnail size-thumbnail\" alt=\"\" \/><\/a>\n\t\t\t<\/dt><\/dl><dl class='gallery-item'>\n\t\t\t<dt class='gallery-icon landscape'>\n\t\t\t\t<a data-elementor-open-lightbox=\"yes\" data-elementor-lightbox-slideshow=\"71ded70\" e-action-hash=\"#elementor-action%3Aaction%3Dlightbox%26settings%3DeyJpZCI6NjgzLCJ1cmwiOiJodHRwczpcL1wvd3d3LnRyb2Vzc2VyLWFydC5kZVwvd3AtY29udGVudFwvdXBsb2Fkc1wvMjAyMFwvMDVcL1AxMTcwMzc1LmpwZWciLCJzbGlkZXNob3ciOiI3MWRlZDcwIn0%3D\" href='https:\/\/www.troesser-art.de\/wp-content\/uploads\/2020\/05\/P1170375.jpeg'><img loading=\"lazy\" decoding=\"async\" width=\"150\" height=\"150\" src=\"https:\/\/www.troesser-art.de\/wp-content\/uploads\/2020\/05\/P1170375-150x150.jpeg?v=1589893184\" class=\"attachment-thumbnail size-thumbnail\" alt=\"\" \/><\/a>\n\t\t\t<\/dt><\/dl><dl class='gallery-item'>\n\t\t\t<dt class='gallery-icon portrait'>\n\t\t\t\t<a data-elementor-open-lightbox=\"yes\" data-elementor-lightbox-slideshow=\"71ded70\" e-action-hash=\"#elementor-action%3Aaction%3Dlightbox%26settings%3DeyJpZCI6NjA5LCJ1cmwiOiJodHRwczpcL1wvd3d3LnRyb2Vzc2VyLWFydC5kZVwvd3AtY29udGVudFwvdXBsb2Fkc1wvMjAyMFwvMDVcL0lNR180NTAuanBlZyIsInNsaWRlc2hvdyI6IjcxZGVkNzAifQ%3D%3D\" href='https:\/\/www.troesser-art.de\/wp-content\/uploads\/2020\/05\/IMG_450.jpeg'><img loading=\"lazy\" decoding=\"async\" width=\"150\" height=\"150\" src=\"https:\/\/www.troesser-art.de\/wp-content\/uploads\/2020\/05\/IMG_450-150x150.jpeg?v=1589820114\" class=\"attachment-thumbnail size-thumbnail\" alt=\"\" \/><\/a>\n\t\t\t<\/dt><\/dl><br style=\"clear: both\" \/><dl class='gallery-item'>\n\t\t\t<dt class='gallery-icon landscape'>\n\t\t\t\t<a data-elementor-open-lightbox=\"yes\" data-elementor-lightbox-slideshow=\"71ded70\" e-action-hash=\"#elementor-action%3Aaction%3Dlightbox%26settings%3DeyJpZCI6NTY4LCJ1cmwiOiJodHRwczpcL1wvd3d3LnRyb2Vzc2VyLWFydC5kZVwvd3AtY29udGVudFwvdXBsb2Fkc1wvMjAyMFwvMDVcL0RTQ183NDc2LWFkanVzdC1ob3Jpem9uLWN1dC5qcGVnIiwic2xpZGVzaG93IjoiNzFkZWQ3MCJ9\" href='https:\/\/www.troesser-art.de\/wp-content\/uploads\/2020\/05\/DSC_7476-adjust-horizon-cut.jpeg'><img loading=\"lazy\" decoding=\"async\" width=\"150\" height=\"150\" src=\"https:\/\/www.troesser-art.de\/wp-content\/uploads\/2020\/05\/DSC_7476-adjust-horizon-cut-150x150.jpeg?v=1589743251\" class=\"attachment-thumbnail size-thumbnail\" alt=\"\" \/><\/a>\n\t\t\t<\/dt><\/dl><dl class='gallery-item'>\n\t\t\t<dt class='gallery-icon landscape'>\n\t\t\t\t<a data-elementor-open-lightbox=\"yes\" data-elementor-lightbox-slideshow=\"71ded70\" e-action-hash=\"#elementor-action%3Aaction%3Dlightbox%26settings%3DeyJpZCI6NTY0LCJ1cmwiOiJodHRwczpcL1wvd3d3LnRyb2Vzc2VyLWFydC5kZVwvd3AtY29udGVudFwvdXBsb2Fkc1wvMjAyMFwvMDVcLzEwNWhzdnI1XzFfSU1HLTIwMTcwOTE5LVdBMDAwMDEtY3V0LW9wdGltaXplLWFkanVzdC1jb250cmFzdC1hZGp1c3QtY29udHJhc3Qtb3B0aW1pemUtYWRqdXN0LWNvbnRyYXN0LmpwZWciLCJzbGlkZXNob3ciOiI3MWRlZDcwIn0%3D\" href='https:\/\/www.troesser-art.de\/wp-content\/uploads\/2020\/05\/105hsvr5_1_IMG-20170919-WA00001-cut-optimize-adjust-contrast-adjust-contrast-optimize-adjust-contrast.jpeg'><img loading=\"lazy\" decoding=\"async\" width=\"150\" height=\"150\" src=\"https:\/\/www.troesser-art.de\/wp-content\/uploads\/2020\/05\/105hsvr5_1_IMG-20170919-WA00001-cut-optimize-adjust-contrast-adjust-contrast-optimize-adjust-contrast-150x150.jpeg?v=1589743234\" class=\"attachment-thumbnail size-thumbnail\" alt=\"\" \/><\/a>\n\t\t\t<\/dt><\/dl>\n\t\t\t<br style='clear: both' \/>\n\t\t<\/div>\n\t\t<\/div>\n\t\t\t\t<\/div>\n\t\t\t\t<\/div>\n\t\t\t\t\t\t<\/div>\n\t\t\t\t\t<\/div>\n\t\t<\/div>\n\t\t\t\t\t\t\t\t<\/div>\n\t\t\t\t\t<\/div>\n\t\t<\/section>\n\t\t\t\t\t\t\t\t\t<\/div>\n\t\t\t<\/div>\n\t\t\t\t\t<\/div>\n\t\t","protected":false},"excerpt":{"rendered":"<p>Exklusiv, individuell, authentisch : Das Leben in einem Bild Das Lebensbild Auftrag :\u00a0Karla der Mops sieht in eine Seifenblase, auf der sich die Silhouette von Mainz spiegelt&#8230;..\u00a0 Bilder erz\u00e4hlen eine Geschichte wie ein Roman, eine Kurzgeschichte, ein Film oder ein Gedicht. Lebensbilder erz\u00e4hlen die Geschichte eines Lebens : die wichtigsten [&hellip;]<\/p>\n","protected":false},"author":1,"featured_media":4741,"parent":0,"menu_order":0,"comment_status":"open","ping_status":"closed","template":"","meta":{"footnotes":""},"class_list":["post-90","page","type-page","status-publish","has-post-thumbnail","hentry"],"_links":{"self":[{"href":"https:\/\/www.troesser-art.de\/index.php?rest_route=\/wp\/v2\/pages\/90","targetHints":{"allow":["GET"]}}],"collection":[{"href":"https:\/\/www.troesser-art.de\/index.php?rest_route=\/wp\/v2\/pages"}],"about":[{"href":"https:\/\/www.troesser-art.de\/index.php?rest_route=\/wp\/v2\/types\/page"}],"author":[{"embeddable":true,"href":"https:\/\/www.troesser-art.de\/index.php?rest_route=\/wp\/v2\/users\/1"}],"replies":[{"embeddable":true,"href":"https:\/\/www.troesser-art.de\/index.php?rest_route=%2Fwp%2Fv2%2Fcomments&post=90"}],"version-history":[{"count":40,"href":"https:\/\/www.troesser-art.de\/index.php?rest_route=\/wp\/v2\/pages\/90\/revisions"}],"predecessor-version":[{"id":8693,"href":"https:\/\/www.troesser-art.de\/index.php?rest_route=\/wp\/v2\/pages\/90\/revisions\/8693"}],"wp:featuredmedia":[{"embeddable":true,"href":"https:\/\/www.troesser-art.de\/index.php?rest_route=\/wp\/v2\/media\/4741"}],"wp:attachment":[{"href":"https:\/\/www.troesser-art.de\/index.php?rest_route=%2Fwp%2Fv2%2Fmedia&parent=90"}],"curies":[{"name":"wp","href":"https:\/\/api.w.org\/{rel}","templated":true}]}}