{"id":8801,"date":"2024-06-15T19:59:51","date_gmt":"2024-06-15T19:59:51","guid":{"rendered":"https:\/\/www.troesser-art.de\/?page_id=8801"},"modified":"2024-06-16T08:18:18","modified_gmt":"2024-06-16T08:18:18","slug":"der-muschelschatz","status":"publish","type":"page","link":"https:\/\/www.troesser-art.de\/?page_id=8801","title":{"rendered":"Der Muschelschatz"},"content":{"rendered":"\t\t<div data-elementor-type=\"wp-page\" data-elementor-id=\"8801\" class=\"elementor elementor-8801\">\n\t\t\t\t\t\t<div class=\"elementor-inner\">\n\t\t\t\t<div class=\"elementor-section-wrap\">\n\t\t\t\t\t\t\t\t\t<section class=\"elementor-section elementor-top-section elementor-element elementor-element-8fa7923 elementor-section-boxed elementor-section-height-default elementor-section-height-default\" data-id=\"8fa7923\" data-element_type=\"section\">\n\t\t\t\t\t\t<div class=\"elementor-container elementor-column-gap-default\">\n\t\t\t\t\t\t\t<div class=\"elementor-row\">\n\t\t\t\t\t<div class=\"elementor-column elementor-col-100 elementor-top-column elementor-element elementor-element-e811879\" data-id=\"e811879\" data-element_type=\"column\">\n\t\t\t<div class=\"elementor-column-wrap elementor-element-populated\">\n\t\t\t\t\t\t\t<div class=\"elementor-widget-wrap\">\n\t\t\t\t\t\t<div class=\"elementor-element elementor-element-7243827 elementor-widget elementor-widget-text-editor\" data-id=\"7243827\" data-element_type=\"widget\" data-widget_type=\"text-editor.default\">\n\t\t\t\t<div class=\"elementor-widget-container\">\n\t\t\t\t\t\t\t\t<div class=\"elementor-text-editor elementor-clearfix\">\n\t\t\t\t<p><span style=\"font-family: Arial, sans-serif;\"><span style=\"font-size: large;\">Herr und Frau K. ziehen die Schuhe aus. Sie wollen den Sand und die kleinen Steinchen unter den F\u00fc\u00dfen sp\u00fcren, w\u00e4hrend sie die anderen Sinne von dem weiten Blick \u00fcber den Strand, das Meer und den Horizont verw\u00f6hnen lassen.<\/span><\/span><\/p><p><span style=\"font-family: Arial, sans-serif;\"><span style=\"font-size: large;\">Beide haben den eigenen, aber auch den gemeinsamen Zenit bereits \u00fcberschritten und haben ein halbes Leben lang Seite an Seite in eine Richtung geschaut, wie auch jetzt an dem hellen Sommertag am Meer. W\u00e4hrend Frau K. ihre Finger in der Hand Ihres Partners dr\u00fcckt, sagt sie: <\/span><\/span><\/p><p>\u201c<span style=\"font-family: Arial, sans-serif;\"><span style=\"font-size: large;\">Das ist Gl\u00fcck. Dieser Moment f\u00fchlt sich an wie Gl\u00fcck.\u201c <\/span><\/span><\/p><p><span style=\"font-family: Arial, sans-serif;\"><span style=\"font-size: large;\">Schweigend gehen beide weiter an dem nicht enden wollenden Strand einem Horizont entgegen, der nicht n\u00e4her zu kommen scheint .<\/span><\/span><\/p><p><span style=\"font-family: Arial, sans-serif;\"><span style=\"font-size: large;\">Dann sagt Herr K.:\u201cJa, das ist ein Augenblick gemeinsamen Gl\u00fccks, der so sanft verfliegt wie die M\u00f6we \u00fcber dem Meer. Doch je \u00e4lter ich werde, um so mehr erlebe ich neben den Momenten und Augenblicken des Gl\u00fccks wie diesem auch etwas anderes, eine Art Gl\u00fcck der Geschichte, an der die einzelnen Momente aufgeh\u00e4ngt sind wie an einer Gl\u00fcckskette. Und jeder neue Augenblick wird ein weiterer Gl\u00fccksmoment an dieser Lebensleine.\u201c. <\/span><\/span><\/p><p><span style=\"font-family: Arial, sans-serif;\"><span style=\"font-size: large;\">Frau K. denkt \u00fcber die Gl\u00fcckskette und Lebensleine nach uns sagt schlie\u00dflich: \u201cStimmt! Fr\u00fcher war f\u00fcr mich Gl\u00fcck immer nur Gl\u00fcck des einzelnen Momentes, jeder Kuss, jeder Sonnenuntergang, jedes Weihnachtsfest, jeder Tanz in der Disco, alles war nur f\u00fcr den einen Moment lebendig und g\u00fcltig, weil die Zukunft und das Leben so unendlich schien wie dieser Strand. Aber je \u00e4lter ich werde, desto mehr empfinde auch ich neben den einzelnen Momenten auch wie Du ein Gl\u00fcck der Geschichte, das immer l\u00e4nger und intensiver wird, je l\u00e4nger ich lebe. Und oft denke ich, dass dieses Gl\u00fcck der Geschichte genau so wertvoll ist wie das Gl\u00fcck der Momente\u201c. <\/span><\/span><\/p><p><span style=\"font-family: Arial, sans-serif;\"><span style=\"font-size: large;\">Lange gehen beide schweigend weiter, die Nasen dem leichten Wind entgegen. Jeder versucht dem Gl\u00fcck der eigenen Geschichte nach zu f\u00fchlen, der Kindheit, den Geheimnissen der Jugend, der erste Liebe, den vorsichtigen Schritten ins Berufsleben. Dann \u00fcber ihre gemeinsame Geschichte, diesen einen Tag, an dem sich ihre Augen und Seelen verschmolzen, an diesen mutigen Schritt in eine gemeinsamen Zukunft, an die Kinder, an das \u00c4lter werden und viele kleine, unscheinbare Momente, die ihre Gl\u00fcckskette prall gef\u00fcllt erscheinen lie\u00df.<\/span><\/span><\/p><p>\u201e<span style=\"font-family: Arial, sans-serif;\"><span style=\"font-size: large;\">Wei\u00dft Du, wann ich dieses Gl\u00fcck der Geschichte am intensivsten empfinde? Wenn wir und die Kinder von fr\u00fcher erz\u00e4hlen, wenn wir alte Alben durchbl\u00e4ttern, wenn wir alte Videos ansehen\u201c sagt Frau K. <\/span><\/span><\/p><p><span style=\"font-family: Arial, sans-serif;\"><span style=\"font-size: large;\">Da bleibt Herr K. stehen, l\u00e4sst ihre Hand los, sieht sie an und sagt:<\/span><\/span><\/p><p>\u201c<span style=\"font-family: Arial, sans-serif;\"><span style=\"font-size: large;\">Ist ja f\u00fcrchterlich! Immer nur r\u00fcckw\u00e4rts! Immer nur von fr\u00fcher erz\u00e4hlen. Gl\u00fcck der Geschichte bedeutet alt werden und nur in der Vergangenheit leben. Wo bleiben die Augenblicke des Gl\u00fccks, wo die Momente heute? Alt werden ist eine Zumutung, wenn es nur noch Gl\u00fcck der Geschichte gibt!\u201c.<\/span><\/span><\/p><p><span style=\"font-family: Arial, sans-serif;\"><span style=\"font-size: large;\">Frau K. b\u00fcckt sich, gr\u00e4bt mit den H\u00e4nden eine kleine Grube in den Sand, hebt eine beliebige Muschel auf, schaut Herrn K. sanft an und sagt:<\/span><\/span><\/p><p>\u201c<span style=\"font-family: Arial, sans-serif;\"><span style=\"font-size: large;\">Schau Lieber, diese kleine Muschel ist unser gemeinsamer Schatz, in sie legen wir nun alle Momente und Augenblicke unseres gemeinsamen Gl\u00fccks. So ist sie ein Symbol f\u00fcr das Gl\u00fcck unserer Geschichte, mit allen H\u00f6hen und Tiefen unserer gemeinsamen Zeit. Diese gemeinsame Geschichte geh\u00f6rt nur uns, sie kann uns keiner nehmen, sie ist nicht teilbar und der gr\u00f6\u00dfte Schatz, den wir haben.\u201c<\/span><\/span><\/p><p><span style=\"font-family: Arial, sans-serif;\"><span style=\"font-size: large;\">Als sie sich herunter beugen, zusammen ihren symbolischen Schatz in die Grube legen und sie mit Sand f\u00fcllten, sp\u00fcren sie ein wunderbares Gef\u00fchl der N\u00e4he. Als sie schlie\u00dflich weiter dem Horizont ihres Lebens entgegen gehen nimmt er wieder ihre Hand und wei\u00df pl\u00f6tzlich, dass sich Gl\u00fcck der Momente und Gl\u00fcck der Geschichte nicht ausschlie\u00dfen. Im Gegenteil. Beides bedingt einander, eines kann nicht ohne das andere sein, in der Jugend genauso wie im Herbst des Lebens.<\/span><\/span><\/p><p><span style=\"font-family: Arial, sans-serif;\"><span style=\"font-size: large;\">Und auch Frau K. denkt, dass sie lange nicht einen solchen Moment mit Herrn K. erlebt hat und dass es wirklich keinen gr\u00f6\u00dferen Schatz gibt, als wenn sich die Gl\u00fcckskette der eigenen Geschichte mit einer anderen verschmilzt.<\/span><\/span><\/p><p><span style=\"font-family: Arial, sans-serif;\"><span style=\"font-size: large;\">Herr K..schaut zur\u00fcck, wo die leichte Brise die Spur ihrer Fu\u00dfabdr\u00fccke verwischt wie die Zeit das Leben. Doch hinten, weit hinten malt ein Schwarm M\u00f6wen ein seltsames Bild in den Himmel und irgendwann senkt sich der Tag zum Horizont herunter. <\/span><\/span><\/p>\t\t\t\t\t<\/div>\n\t\t\t\t\t\t<\/div>\n\t\t\t\t<\/div>\n\t\t\t\t\t\t<\/div>\n\t\t\t\t\t<\/div>\n\t\t<\/div>\n\t\t\t\t\t\t\t\t<\/div>\n\t\t\t\t\t<\/div>\n\t\t<\/section>\n\t\t\t\t\t\t\t\t\t<\/div>\n\t\t\t<\/div>\n\t\t\t\t\t<\/div>\n\t\t","protected":false},"excerpt":{"rendered":"<p>Herr und Frau K. ziehen die Schuhe aus. Sie wollen den Sand und die kleinen Steinchen unter den F\u00fc\u00dfen sp\u00fcren, w\u00e4hrend sie die anderen Sinne von dem weiten Blick \u00fcber den Strand, das Meer und den Horizont verw\u00f6hnen lassen. Beide haben den eigenen, aber auch den gemeinsamen Zenit bereits \u00fcberschritten [&hellip;]<\/p>\n","protected":false},"author":1,"featured_media":621,"parent":0,"menu_order":0,"comment_status":"open","ping_status":"closed","template":"","meta":{"footnotes":""},"class_list":["post-8801","page","type-page","status-publish","has-post-thumbnail","hentry"],"_links":{"self":[{"href":"https:\/\/www.troesser-art.de\/index.php?rest_route=\/wp\/v2\/pages\/8801","targetHints":{"allow":["GET"]}}],"collection":[{"href":"https:\/\/www.troesser-art.de\/index.php?rest_route=\/wp\/v2\/pages"}],"about":[{"href":"https:\/\/www.troesser-art.de\/index.php?rest_route=\/wp\/v2\/types\/page"}],"author":[{"embeddable":true,"href":"https:\/\/www.troesser-art.de\/index.php?rest_route=\/wp\/v2\/users\/1"}],"replies":[{"embeddable":true,"href":"https:\/\/www.troesser-art.de\/index.php?rest_route=%2Fwp%2Fv2%2Fcomments&post=8801"}],"version-history":[{"count":4,"href":"https:\/\/www.troesser-art.de\/index.php?rest_route=\/wp\/v2\/pages\/8801\/revisions"}],"predecessor-version":[{"id":8806,"href":"https:\/\/www.troesser-art.de\/index.php?rest_route=\/wp\/v2\/pages\/8801\/revisions\/8806"}],"wp:featuredmedia":[{"embeddable":true,"href":"https:\/\/www.troesser-art.de\/index.php?rest_route=\/wp\/v2\/media\/621"}],"wp:attachment":[{"href":"https:\/\/www.troesser-art.de\/index.php?rest_route=%2Fwp%2Fv2%2Fmedia&parent=8801"}],"curies":[{"name":"wp","href":"https:\/\/api.w.org\/{rel}","templated":true}]}}