{"id":869,"date":"2020-05-29T20:34:55","date_gmt":"2020-05-29T20:34:55","guid":{"rendered":"http:\/\/web349.c5.webspace-verkauf.de\/?page_id=869"},"modified":"2020-12-18T21:34:48","modified_gmt":"2020-12-18T21:34:48","slug":"benton","status":"publish","type":"page","link":"https:\/\/www.troesser-art.de\/?page_id=869","title":{"rendered":"K24Franz Benton"},"content":{"rendered":"\t\t<div data-elementor-type=\"wp-page\" data-elementor-id=\"869\" class=\"elementor elementor-869\">\n\t\t\t\t\t\t<div class=\"elementor-inner\">\n\t\t\t\t<div class=\"elementor-section-wrap\">\n\t\t\t\t\t\t\t\t\t<section class=\"elementor-section elementor-top-section elementor-element elementor-element-2a987b1 elementor-section-boxed elementor-section-height-default elementor-section-height-default\" data-id=\"2a987b1\" data-element_type=\"section\">\n\t\t\t\t\t\t<div class=\"elementor-container elementor-column-gap-default\">\n\t\t\t\t\t\t\t<div class=\"elementor-row\">\n\t\t\t\t\t<div class=\"elementor-column elementor-col-100 elementor-top-column elementor-element elementor-element-8f4b40c\" data-id=\"8f4b40c\" data-element_type=\"column\">\n\t\t\t<div class=\"elementor-column-wrap elementor-element-populated\">\n\t\t\t\t\t\t\t<div class=\"elementor-widget-wrap\">\n\t\t\t\t\t\t<div class=\"elementor-element elementor-element-1a9ad10 elementor-widget elementor-widget-heading\" data-id=\"1a9ad10\" data-element_type=\"widget\" data-widget_type=\"heading.default\">\n\t\t\t\t<div class=\"elementor-widget-container\">\n\t\t\t<h1 class=\"elementor-heading-title elementor-size-default\">FRANZ BENTON<\/h1>\t\t<\/div>\n\t\t\t\t<\/div>\n\t\t\t\t<div class=\"elementor-element elementor-element-744aaac elementor-widget elementor-widget-image\" data-id=\"744aaac\" data-element_type=\"widget\" data-widget_type=\"image.default\">\n\t\t\t\t<div class=\"elementor-widget-container\">\n\t\t\t\t\t\t\t\t<div class=\"elementor-image\">\n\t\t\t\t\t\t\t\t\t\t\t\t<img loading=\"lazy\" decoding=\"async\" width=\"700\" height=\"513\" src=\"https:\/\/www.troesser-art.de\/wp-content\/uploads\/2020\/07\/BentonRPMittel.jpg?v=1593795321\" class=\"attachment-large size-large\" alt=\"\" srcset=\"https:\/\/www.troesser-art.de\/wp-content\/uploads\/2020\/07\/BentonRPMittel.jpg?v=1593795321 1024w, https:\/\/www.troesser-art.de\/wp-content\/uploads\/2020\/07\/BentonRPMittel-300x220.jpg?v=1593795321 300w, https:\/\/www.troesser-art.de\/wp-content\/uploads\/2020\/07\/BentonRPMittel-768x563.jpg?v=1593795321 768w, https:\/\/www.troesser-art.de\/wp-content\/uploads\/2020\/07\/BentonRPMittel-830x609.jpg?v=1593795321 830w, https:\/\/www.troesser-art.de\/wp-content\/uploads\/2020\/07\/BentonRPMittel-230x169.jpg?v=1593795321 230w, https:\/\/www.troesser-art.de\/wp-content\/uploads\/2020\/07\/BentonRPMittel-350x257.jpg?v=1593795321 350w, https:\/\/www.troesser-art.de\/wp-content\/uploads\/2020\/07\/BentonRPMittel-480x352.jpg?v=1593795321 480w\" sizes=\"auto, (max-width: 700px) 100vw, 700px\" \/>\t\t\t\t\t\t\t\t\t\t\t\t\t\t<\/div>\n\t\t\t\t\t\t<\/div>\n\t\t\t\t<\/div>\n\t\t\t\t<div class=\"elementor-element elementor-element-cdda143 elementor-widget elementor-widget-heading\" data-id=\"cdda143\" data-element_type=\"widget\" data-widget_type=\"heading.default\">\n\t\t\t\t<div class=\"elementor-widget-container\">\n\t\t\t<h2 class=\"elementor-heading-title elementor-size-default\">Fantalk mit Musik<\/h2>\t\t<\/div>\n\t\t\t\t<\/div>\n\t\t\t\t<div class=\"elementor-element elementor-element-8700690 elementor-widget elementor-widget-heading\" data-id=\"8700690\" data-element_type=\"widget\" data-widget_type=\"heading.default\">\n\t\t\t\t<div class=\"elementor-widget-container\">\n\t\t\t<h3 class=\"elementor-heading-title elementor-size-default\">4. November 2015<\/h3>\t\t<\/div>\n\t\t\t\t<\/div>\n\t\t\t\t<div class=\"elementor-element elementor-element-63c79b1 elementor-widget elementor-widget-heading\" data-id=\"63c79b1\" data-element_type=\"widget\" data-widget_type=\"heading.default\">\n\t\t\t\t<div class=\"elementor-widget-container\">\n\t\t\t<h6 class=\"elementor-heading-title elementor-size-default\">Rheinische Post 6.11.2015<\/h6>\t\t<\/div>\n\t\t\t\t<\/div>\n\t\t\t\t<div class=\"elementor-element elementor-element-f6a6984 elementor-widget elementor-widget-text-editor\" data-id=\"f6a6984\" data-element_type=\"widget\" data-widget_type=\"text-editor.default\">\n\t\t\t\t<div class=\"elementor-widget-container\">\n\t\t\t\t\t\t\t\t<div class=\"elementor-text-editor elementor-clearfix\">\n\t\t\t\t<p><span style=\"font-family: arial,helvetica,sans-serif; font-size: 14pt;\">Als<\/span><strong><span style=\"font-family: arial,helvetica,sans-serif; font-size: 14pt;\"> der in Ratingen geborene und aufgewachsene Gitarrist, S\u00e4nger und Songwriter Franz Benton um 20 Uhr den <span style=\"color: #ff0000;\">K24<\/span>Kultursalon mit seiner Akustikgitarre betritt, ist es f\u00fcr die meisten der sechzig G\u00e4ste wie die Begegnung mit einem alten Freund, den man Jahre nicht gesehen hat, der dennoch durch seine zahlreichen Lieder, die man immer wieder auf den \u00fcber 10 CDs h\u00f6rt, noch heute pr\u00e4sent ist.<\/span><\/strong><\/p><p>\u00a0<\/p><p><strong><span style=\"font-family: arial,helvetica,sans-serif; font-size: 14pt;\">Bis auf wenige Ausnahmen sind nur Fans im Raum, die fast alle seiner 120 Songs kennen und viele davon mitsummen k\u00f6nnen. Sie waren auf zahlreichen seiner Konzerte und haben heute einmal die Gelegenheit, Franz Benton ganz nah zu erleben, ihn pers\u00f6nlich zu fragen, was man immer schon fragen wollte. Das war bei den gro\u00dfen Konzerten h\u00f6chstens beim Signieren in der Pause m\u00f6glich.<\/span><\/strong><\/p><p>\u00a0<\/p><p><strong><span style=\"font-family: arial,helvetica,sans-serif; font-size: 14pt;\">\u00a0<\/span><\/strong><\/p><p><strong><span style=\"font-size: 14pt;\"><span style=\"font-family: arial,helvetica,sans-serif;\">Denn er hat 2012 in Ratingen sein Abschiedskonzert gegeben und ist von der B\u00fchne gegangen, weil er das Gef\u00fchl hatte, es sei nun genug. Zwar hat sich der Songpoet \u00e4u\u00dferlich ver\u00e4ndert, doch seine Stimme, seine Lieder, seine wundervolle Ausstrahlung zwischen unterhaltsamem Humor und Tiefgang, zwischen lockeren Geschichten und h\u00f6chst anspruchsvoller Musik ist so pr\u00e4sent wie immer.\u00a0\u00a0\u00a0 Anders als bei Konzerten, ist dieser Salonabend fast ein pers\u00f6nliches Gespr\u00e4ch zwischen den G\u00e4sten und ihm.<\/span><\/span><\/strong><\/p><p>\u00a0<\/p><p><strong><span style=\"font-size: 14pt;\">\u00a0<\/span><\/strong><\/p><p><strong><span style=\"font-family: arial,helvetica,sans-serif; font-size: 14pt;\">Immer wieder durchbrochen von den stimmgewaltigen und lyrischen Liedern, obwohl er nur ein Lied singen wollte, wie er in seiner unnachahmlichen Art mit einem Augenzwinkern zu Beginn bemerkt. Zum Gl\u00fcck werden es dann doch noch fast 10 Lieder.<\/span><\/strong><\/p><p>\u00a0<\/p><p><strong><span style=\"font-family: arial,helvetica,sans-serif;\"><span style=\"font-size: 14pt;\">Zusammen mit den Entstehungsgeschichten werden die Songs f\u00fcr viele zu einem der Highlights des Abends, vor allem auch deshalb, weil man erst jetzt vieles mehr von den Liedern versteht, durch R\u00fcckfragen, seinen Erkl\u00e4rungen. Es ist, als ginge ein Licht an, man begreift pl\u00f6tzlich einiges mehr und dringt damit erstmals zum Kern des Liedes vor, f\u00fcr deren gesungene englische oder spanische Feinheiten oft die Vokabelbreite der Zuh\u00f6rer fehlt<\/span>.<\/span><\/strong><\/p><p>\u00a0<\/p><p><strong><span style=\"font-size: 14pt; font-family: arial,helvetica,sans-serif;\">Beispiel: Das traurigste Lied (\u201eLassen wir es zu Beginn singen, dann haben wir das auch hinter uns\u201c) ist das, wo seine Tochter ihre Mutter mit einem Schlaganfall findet. Das Lied, dessen Melodie man schon zig-mal geh\u00f6rt hat, erschlie\u00dft sich einem pl\u00f6tzlich neu und nun kann man das Lied nicht mehr anh\u00f6ren, ohne an die von ihm erz\u00e4hlten Bilder zu denken:&#8221;If I could turn back time&#8221;.<\/span><\/strong><\/p><p>\u00a0<\/p><p><strong><span style=\"font-size: 14pt; font-family: arial,helvetica,sans-serif;\">So wird der gesamte Abend zu einer intimen Entschl\u00fcsselung, zu einer wundervollen Br\u00fccke zwischen ihm und seinen Fans &#8211; und die kann nur in einer entsprechenden, fast famili\u00e4ren Stimmung entstehen. Nur so traut man sich, auch ganz pers\u00f6nliche Fragen zu stellen und erh\u00e4lt eine ebenso pers\u00f6nliche Antwort, an deren Ehrlichkeit und Authentizit\u00e4t keiner zweifelt. Zum Beispiel Fragen nach Lampenfieber (&#8220;Jedesmal, wenn ich die B\u00fchne betrete&#8221;), seinen \u00c4ngsten, seinen kreativen und unkreativen Phasen, seinen Lieblingsliedern (&#8220;Ich habe f\u00fcnf bis sechs Lieblingslieder&#8221;) und seiner Rolle als sogenannter B-Musiker, wie er sich selbst bezeichnet. F\u00fcr alle im Salon ist er ein absoluter A-Musiker, der vielen hier n\u00e4her steht als Eric Clapton, Joe Cocker, Tina Turner oder Chris de Burgh, an deren Seite er gespielt hat.<\/span><\/strong><\/p><p>\u00a0<\/p><p><strong>\u00a0<\/strong><\/p><p><strong>\u00a0<span style=\"font-size: 14pt; font-family: arial,helvetica,sans-serif;\">Zu allem hat Franz Benton nat\u00fcrlich seine eigene Geschichte, die er so humorvoll erz\u00e4hlt, dass man denkt, man w\u00e4re dabei gewesen. In solchen Momenten w\u00fcnscht man sich, er w\u00fcrde weiter singen, w\u00fcrde seine enorme kreative Kraft auch weiterhin dazu nutzen, die Herzen zu \u00f6ffnen. Aber nat\u00fcrlich g\u00f6nnt man ihm im n\u00e4chsten Moment auch sein neues Leben zwischen Ziegen und Traktor in Niederbayern, \u00fcber das er das witzige Lied \u201cZwischen Landshut und Vilshoven\u201c geschrieben hat, das sich seine Schwester am Ende dieses so schnell vorbeigehenden Abends w\u00fcnscht. Ein k\u00f6stliches, v\u00f6llig anderes Lied, das bereits Blaskapellen \u00fcbernommen haben (<em><a href=\"https:\/\/www.youtube.com\/watch?v=beTskwMF1uo\">&gt;&gt;Lied auf Youtube<\/a><\/em>). Doch endg\u00fcltig schlie\u00dft sich f\u00fcr ihn der Songkreis erst 2016, wenn seine Tochter ihr erstes Baby bekommt, was \u2013 wie k\u00f6nnte es anders sein \u2013 sicher wieder zu einem poetischen, unnachahmlichen Lied f\u00fchren wird.<\/span><\/strong><\/p><p>\u00a0<\/p><p><strong><span style=\"font-family: arial,helvetica,sans-serif; font-size: 14pt;\">Nach Standing Ovations und Zugabe ist man erf\u00fcllt, gleichsam denkt man \u201eWelch ein volles Leben, welche Geradlinigkeit, welche Authentizit\u00e4t , Musik als Leben, Leben als Musik nicht nur zu begreifen, sondern auch kreativ zu nutzen und damit Menschen zu ber\u00fchren\u201c.<\/span><\/strong><br \/><strong><span style=\"font-family: arial,helvetica,sans-serif; font-size: 14pt;\"> Trotz seines offiziellen B\u00fchnenendes w\u00fcnscht man sich heimlich eine Fortsetzung dieses pers\u00f6nlichen, dichten Abends. Zumal der <span style=\"color: #ff0000;\">K24<\/span>Kultursalon keine B\u00fchne ist, sondern ein kleiner Ort f\u00fcr emotionales Erleben.<\/span><\/strong><\/p>\t\t\t\t\t<\/div>\n\t\t\t\t\t\t<\/div>\n\t\t\t\t<\/div>\n\t\t\t\t<div class=\"elementor-element elementor-element-526c6c3 elementor-widget elementor-widget-image\" data-id=\"526c6c3\" data-element_type=\"widget\" data-widget_type=\"image.default\">\n\t\t\t\t<div class=\"elementor-widget-container\">\n\t\t\t\t\t\t\t\t<div class=\"elementor-image\">\n\t\t\t\t\t\t\t\t\t\t\t\t<img loading=\"lazy\" decoding=\"async\" width=\"700\" height=\"394\" src=\"https:\/\/www.troesser-art.de\/wp-content\/uploads\/2020\/08\/P1040228-1024x576.jpg?v=1597005228\" class=\"attachment-large size-large\" alt=\"\" srcset=\"https:\/\/www.troesser-art.de\/wp-content\/uploads\/2020\/08\/P1040228-1024x576.jpg?v=1597005228 1024w, https:\/\/www.troesser-art.de\/wp-content\/uploads\/2020\/08\/P1040228-300x169.jpg?v=1597005228 300w, https:\/\/www.troesser-art.de\/wp-content\/uploads\/2020\/08\/P1040228-768x432.jpg?v=1597005228 768w, https:\/\/www.troesser-art.de\/wp-content\/uploads\/2020\/08\/P1040228-1536x864.jpg?v=1597005228 1536w, https:\/\/www.troesser-art.de\/wp-content\/uploads\/2020\/08\/P1040228-2048x1152.jpg?v=1597005228 2048w, https:\/\/www.troesser-art.de\/wp-content\/uploads\/2020\/08\/P1040228-830x467.jpg?v=1597005228 830w, https:\/\/www.troesser-art.de\/wp-content\/uploads\/2020\/08\/P1040228-230x129.jpg?v=1597005228 230w, https:\/\/www.troesser-art.de\/wp-content\/uploads\/2020\/08\/P1040228-350x197.jpg?v=1597005228 350w, https:\/\/www.troesser-art.de\/wp-content\/uploads\/2020\/08\/P1040228-480x270.jpg?v=1597005228 480w\" sizes=\"auto, (max-width: 700px) 100vw, 700px\" \/>\t\t\t\t\t\t\t\t\t\t\t\t\t\t<\/div>\n\t\t\t\t\t\t<\/div>\n\t\t\t\t<\/div>\n\t\t\t\t\t\t<\/div>\n\t\t\t\t\t<\/div>\n\t\t<\/div>\n\t\t\t\t\t\t\t\t<\/div>\n\t\t\t\t\t<\/div>\n\t\t<\/section>\n\t\t\t\t<section class=\"elementor-section elementor-top-section elementor-element elementor-element-335479a elementor-section-boxed elementor-section-height-default elementor-section-height-default\" data-id=\"335479a\" data-element_type=\"section\">\n\t\t\t\t\t\t<div class=\"elementor-container elementor-column-gap-default\">\n\t\t\t\t\t\t\t<div class=\"elementor-row\">\n\t\t\t\t\t<div class=\"elementor-column elementor-col-100 elementor-top-column elementor-element elementor-element-bc2ffdc\" data-id=\"bc2ffdc\" data-element_type=\"column\">\n\t\t\t<div class=\"elementor-column-wrap elementor-element-populated\">\n\t\t\t\t\t\t\t<div class=\"elementor-widget-wrap\">\n\t\t\t\t\t\t<div class=\"elementor-element elementor-element-a62a225 elementor-widget elementor-widget-text-editor\" data-id=\"a62a225\" data-element_type=\"widget\" data-widget_type=\"text-editor.default\">\n\t\t\t\t<div class=\"elementor-widget-container\">\n\t\t\t\t\t\t\t\t<div class=\"elementor-text-editor elementor-clearfix\">\n\t\t\t\t<pre><span style=\"font-family: arial,helvetica,sans-serif;\"><em><span style=\"font-size: 14pt;\"><a href=\"https:\/\/www.youtube.com\/user\/bentonaugsburg\">14 Lieder von Franz Benton auf Youtube&gt;&gt;&lt;<\/a><\/span><\/em><\/span><\/pre><pre><span style=\"font-size: 14pt; font-family: arial,helvetica,sans-serif;\"><em><a href=\"http:\/\/www.benton.de\">Offizielle Homepage von Franz Benton&gt;&gt;&lt;<\/a><\/em><\/span><\/pre>\t\t\t\t\t<\/div>\n\t\t\t\t\t\t<\/div>\n\t\t\t\t<\/div>\n\t\t\t\t\t\t<\/div>\n\t\t\t\t\t<\/div>\n\t\t<\/div>\n\t\t\t\t\t\t\t\t<\/div>\n\t\t\t\t\t<\/div>\n\t\t<\/section>\n\t\t\t\t\t\t\t\t\t<\/div>\n\t\t\t<\/div>\n\t\t\t\t\t<\/div>\n\t\t","protected":false},"excerpt":{"rendered":"<p>FRANZ BENTON Fantalk mit Musik 4. November 2015 Rheinische Post 6.11.2015 Als der in Ratingen geborene und aufgewachsene Gitarrist, S\u00e4nger und Songwriter Franz Benton um 20 Uhr den K24Kultursalon mit seiner Akustikgitarre betritt, ist es f\u00fcr die meisten der sechzig G\u00e4ste wie die Begegnung mit einem alten Freund, den man [&hellip;]<\/p>\n","protected":false},"author":1,"featured_media":0,"parent":0,"menu_order":0,"comment_status":"closed","ping_status":"closed","template":"page-templates\/page_fullwidth.php","meta":{"footnotes":""},"class_list":["post-869","page","type-page","status-publish","hentry"],"_links":{"self":[{"href":"https:\/\/www.troesser-art.de\/index.php?rest_route=\/wp\/v2\/pages\/869","targetHints":{"allow":["GET"]}}],"collection":[{"href":"https:\/\/www.troesser-art.de\/index.php?rest_route=\/wp\/v2\/pages"}],"about":[{"href":"https:\/\/www.troesser-art.de\/index.php?rest_route=\/wp\/v2\/types\/page"}],"author":[{"embeddable":true,"href":"https:\/\/www.troesser-art.de\/index.php?rest_route=\/wp\/v2\/users\/1"}],"replies":[{"embeddable":true,"href":"https:\/\/www.troesser-art.de\/index.php?rest_route=%2Fwp%2Fv2%2Fcomments&post=869"}],"version-history":[{"count":17,"href":"https:\/\/www.troesser-art.de\/index.php?rest_route=\/wp\/v2\/pages\/869\/revisions"}],"predecessor-version":[{"id":4393,"href":"https:\/\/www.troesser-art.de\/index.php?rest_route=\/wp\/v2\/pages\/869\/revisions\/4393"}],"wp:attachment":[{"href":"https:\/\/www.troesser-art.de\/index.php?rest_route=%2Fwp%2Fv2%2Fmedia&parent=869"}],"curies":[{"name":"wp","href":"https:\/\/api.w.org\/{rel}","templated":true}]}}