{"id":71,"date":"2020-05-13T17:15:15","date_gmt":"2020-05-13T17:15:15","guid":{"rendered":"http:\/\/web349.c5.webspace-verkauf.de\/?page_id=71"},"modified":"2024-06-12T19:48:57","modified_gmt":"2024-06-12T19:48:57","slug":"sichtwechsel","status":"publish","type":"page","link":"https:\/\/www.troesser-art.de\/?page_id=71","title":{"rendered":"SichtWechsel"},"content":{"rendered":"\t\t<div data-elementor-type=\"wp-page\" data-elementor-id=\"71\" class=\"elementor elementor-71\">\n\t\t\t\t\t\t<div class=\"elementor-inner\">\n\t\t\t\t<div class=\"elementor-section-wrap\">\n\t\t\t\t\t\t\t\t\t<section class=\"elementor-section elementor-top-section elementor-element elementor-element-531962b elementor-section-boxed elementor-section-height-default elementor-section-height-default\" data-id=\"531962b\" data-element_type=\"section\">\n\t\t\t\t\t\t<div class=\"elementor-container elementor-column-gap-default\">\n\t\t\t\t\t\t\t<div class=\"elementor-row\">\n\t\t\t\t\t<div class=\"elementor-column elementor-col-100 elementor-top-column elementor-element elementor-element-0aa337b\" data-id=\"0aa337b\" data-element_type=\"column\">\n\t\t\t<div class=\"elementor-column-wrap elementor-element-populated\">\n\t\t\t\t\t\t\t<div class=\"elementor-widget-wrap\">\n\t\t\t\t\t\t<div class=\"elementor-element elementor-element-a56d39b elementor-invisible elementor-widget elementor-widget-heading\" data-id=\"a56d39b\" data-element_type=\"widget\" data-settings=\"{&quot;_animation&quot;:&quot;zoomIn&quot;}\" data-widget_type=\"heading.default\">\n\t\t\t\t<div class=\"elementor-widget-container\">\n\t\t\t<h2 class=\"elementor-heading-title elementor-size-default\">            Die Leuchtgiraffe<\/h2>\t\t<\/div>\n\t\t\t\t<\/div>\n\t\t\t\t<div class=\"elementor-element elementor-element-cb64fd2 elementor-invisible elementor-widget elementor-widget-image\" data-id=\"cb64fd2\" data-element_type=\"widget\" data-settings=\"{&quot;_animation&quot;:&quot;zoomIn&quot;}\" data-widget_type=\"image.default\">\n\t\t\t\t<div class=\"elementor-widget-container\">\n\t\t\t\t\t\t\t\t<div class=\"elementor-image\">\n\t\t\t\t\t\t\t\t\t<figure class=\"wp-caption\">\n\t\t\t\t\t\t\t\t\t\t<img loading=\"lazy\" decoding=\"async\" width=\"492\" height=\"1024\" src=\"https:\/\/www.troesser-art.de\/wp-content\/uploads\/2020\/05\/IMG_2820-492x1024.jpeg?v=1589729483\" class=\"attachment-large size-large\" alt=\"\" srcset=\"https:\/\/www.troesser-art.de\/wp-content\/uploads\/2020\/05\/IMG_2820-492x1024.jpeg?v=1589729483 492w, https:\/\/www.troesser-art.de\/wp-content\/uploads\/2020\/05\/IMG_2820-144x300.jpeg?v=1589729483 144w, https:\/\/www.troesser-art.de\/wp-content\/uploads\/2020\/05\/IMG_2820-768x1599.jpeg?v=1589729483 768w, https:\/\/www.troesser-art.de\/wp-content\/uploads\/2020\/05\/IMG_2820-738x1536.jpeg?v=1589729483 738w, https:\/\/www.troesser-art.de\/wp-content\/uploads\/2020\/05\/IMG_2820-830x1728.jpeg?v=1589729483 830w, https:\/\/www.troesser-art.de\/wp-content\/uploads\/2020\/05\/IMG_2820-230x479.jpeg?v=1589729483 230w, https:\/\/www.troesser-art.de\/wp-content\/uploads\/2020\/05\/IMG_2820-350x729.jpeg?v=1589729483 350w, https:\/\/www.troesser-art.de\/wp-content\/uploads\/2020\/05\/IMG_2820-480x999.jpeg?v=1589729483 480w, https:\/\/www.troesser-art.de\/wp-content\/uploads\/2020\/05\/IMG_2820.jpeg?v=1589729483 921w\" sizes=\"auto, (max-width: 492px) 100vw, 492px\" \/>\t\t\t\t\t\t\t\t\t\t\t<figcaption class=\"widget-image-caption wp-caption-text\"><\/figcaption>\n\t\t\t\t\t\t\t\t\t\t<\/figure>\n\t\t\t\t\t\t\t\t<\/div>\n\t\t\t\t\t\t<\/div>\n\t\t\t\t<\/div>\n\t\t\t\t<div class=\"elementor-element elementor-element-81494be elementor-widget__width-auto elementor-widget elementor-widget-text-editor\" data-id=\"81494be\" data-element_type=\"widget\" data-widget_type=\"text-editor.default\">\n\t\t\t\t<div class=\"elementor-widget-container\">\n\t\t\t\t\t\t\t\t<div class=\"elementor-text-editor elementor-clearfix\">\n\t\t\t\t<h6><span style=\"color: #ff0000;\">\u00a0<\/span><\/h6><h1><span style=\"color: #ff0000;\">Die Leuchtgiraffe ist eine ganz besondere Spezies!<\/span><\/h1><p><span style=\"color: #000000;\"><strong>Sie steht unten mit allen Vieren fest am Boden, trotzt dem Wind und jeder noch so starken Welle. Doch oben! Oben bewegt sie sich flink, l\u00e4sst sich dennoch nicht verbiegen, leuchtet in die entferntesten Ecken und wird von der Weite verw\u00f6hnt.<\/strong><\/span><\/p>\t\t\t\t\t<\/div>\n\t\t\t\t\t\t<\/div>\n\t\t\t\t<\/div>\n\t\t\t\t\t\t<\/div>\n\t\t\t\t\t<\/div>\n\t\t<\/div>\n\t\t\t\t\t\t\t\t<\/div>\n\t\t\t\t\t<\/div>\n\t\t<\/section>\n\t\t\t\t<section class=\"elementor-section elementor-top-section elementor-element elementor-element-b0824a1 elementor-section-boxed elementor-section-height-default elementor-section-height-default\" data-id=\"b0824a1\" data-element_type=\"section\">\n\t\t\t\t\t\t<div class=\"elementor-container elementor-column-gap-default\">\n\t\t\t\t\t\t\t<div class=\"elementor-row\">\n\t\t\t\t\t<div class=\"elementor-column elementor-col-100 elementor-top-column elementor-element elementor-element-3bb7836\" data-id=\"3bb7836\" data-element_type=\"column\">\n\t\t\t<div class=\"elementor-column-wrap elementor-element-populated\">\n\t\t\t\t\t\t\t<div class=\"elementor-widget-wrap\">\n\t\t\t\t\t\t<div class=\"elementor-element elementor-element-480f885 elementor-widget elementor-widget-text-editor\" data-id=\"480f885\" data-element_type=\"widget\" data-widget_type=\"text-editor.default\">\n\t\t\t\t<div class=\"elementor-widget-container\">\n\t\t\t\t\t\t\t\t<div class=\"elementor-text-editor elementor-clearfix\">\n\t\t\t\t<p>Stifte, \u00a0 Pinsel, Kreide,\u00a0 Spritzpistole k\u00f6nnen zaubern, verzaubern, entzaubern, schaffen und zerst\u00f6ren, erg\u00e4nzen und ersetzen, verwirren und beruhigen oder einfach nur erfreuen und verw\u00f6hnen.<\/p><p>Sie k\u00f6nnen eine neue Welt schaffen oder die geschaffene Welt ver\u00e4ndern, erg\u00e4nzen oder entfernen. Im Moment des Malens kann der K\u00fcnstler nicht nur ein Bild erschaffen, sondern mit dem Bild auch sich selbst. Die Pinsel k\u00f6nnen einer inneren Fantasie ein \u00e4u\u00dferes Bild geben. Oder einem \u00e4u\u00dferen Bild eine neue, mutierte Form. Mit dem Pinsel schafft der K\u00fcnstler eine neue Sicht: PINSEL-SICHT.\u00a0<\/p><p>\u00a0<\/p>\t\t\t\t\t<\/div>\n\t\t\t\t\t\t<\/div>\n\t\t\t\t<\/div>\n\t\t\t\t\t\t<\/div>\n\t\t\t\t\t<\/div>\n\t\t<\/div>\n\t\t\t\t\t\t\t\t<\/div>\n\t\t\t\t\t<\/div>\n\t\t<\/section>\n\t\t\t\t<section class=\"elementor-section elementor-top-section elementor-element elementor-element-b4a395d elementor-section-full_width elementor-section-height-default elementor-section-height-default\" data-id=\"b4a395d\" data-element_type=\"section\">\n\t\t\t\t\t\t<div class=\"elementor-container elementor-column-gap-default\">\n\t\t\t\t\t\t\t<div class=\"elementor-row\">\n\t\t\t\t\t<div class=\"elementor-column elementor-col-100 elementor-top-column elementor-element elementor-element-b093173\" data-id=\"b093173\" data-element_type=\"column\">\n\t\t\t<div class=\"elementor-column-wrap elementor-element-populated\">\n\t\t\t\t\t\t\t<div class=\"elementor-widget-wrap\">\n\t\t\t\t\t\t<div class=\"elementor-element elementor-element-8fbb72e elementor-widget elementor-widget-image-gallery\" data-id=\"8fbb72e\" data-element_type=\"widget\" data-widget_type=\"image-gallery.default\">\n\t\t\t\t<div class=\"elementor-widget-container\">\n\t\t\t\t\t<div class=\"elementor-image-gallery\">\n\t\t\t\n\t\t<style type=\"text\/css\">\n\t\t\t#gallery-1 {\n\t\t\t\tmargin: auto;\n\t\t\t}\n\t\t\t#gallery-1 .gallery-item {\n\t\t\t\tfloat: left;\n\t\t\t\tmargin-top: 10px;\n\t\t\t\ttext-align: center;\n\t\t\t\twidth: 25%;\n\t\t\t}\n\t\t\t#gallery-1 img {\n\t\t\t\tborder: 2px solid #cfcfcf;\n\t\t\t}\n\t\t\t#gallery-1 .gallery-caption {\n\t\t\t\tmargin-left: 0;\n\t\t\t}\n\t\t\t\/* see gallery_shortcode() in wp-includes\/media.php *\/\n\t\t<\/style>\n\t\t<div id='gallery-1' class='gallery galleryid-71 gallery-columns-4 gallery-size-thumbnail'><dl class='gallery-item'>\n\t\t\t<dt class='gallery-icon landscape'>\n\t\t\t\t<a data-elementor-open-lightbox=\"yes\" data-elementor-lightbox-slideshow=\"8fbb72e\" data-elementor-lightbox-title=\"Traumbirnen\" e-action-hash=\"#elementor-action%3Aaction%3Dlightbox%26settings%3DeyJpZCI6NTg5MiwidXJsIjoiaHR0cHM6XC9cL3d3dy50cm9lc3Nlci1hcnQuZGVcL3dwLWNvbnRlbnRcL3VwbG9hZHNcLzIwMjFcLzEyXC9QMTEzMDg5Ni1lMTcwMjUwMjQyMDI1Ni5qcGciLCJzbGlkZXNob3ciOiI4ZmJiNzJlIn0%3D\" href='https:\/\/www.troesser-art.de\/wp-content\/uploads\/2021\/12\/P1130896-e1702502420256.jpg'><img loading=\"lazy\" decoding=\"async\" width=\"150\" height=\"150\" src=\"https:\/\/www.troesser-art.de\/wp-content\/uploads\/2021\/12\/P1130896-150x150.jpg?v=1639932166\" class=\"attachment-thumbnail size-thumbnail\" alt=\"\" aria-describedby=\"gallery-1-5892\" srcset=\"https:\/\/www.troesser-art.de\/wp-content\/uploads\/2021\/12\/P1130896-150x150.jpg?v=1639932166 150w, https:\/\/www.troesser-art.de\/wp-content\/uploads\/2021\/12\/P1130896-300x300.jpg?v=1639932166 300w\" sizes=\"auto, (max-width: 150px) 100vw, 150px\" \/><\/a>\n\t\t\t<\/dt>\n\t\t\t\t<dd class='wp-caption-text gallery-caption' id='gallery-1-5892'>\n\t\t\t\tTraumbirnen\n\t\t\t\t<\/dd><\/dl><dl class='gallery-item'>\n\t\t\t<dt class='gallery-icon landscape'>\n\t\t\t\t<a data-elementor-open-lightbox=\"yes\" data-elementor-lightbox-slideshow=\"8fbb72e\" data-elementor-lightbox-title=\"HundStifte\" e-action-hash=\"#elementor-action%3Aaction%3Dlightbox%26settings%3DeyJpZCI6MjQ0NCwidXJsIjoiaHR0cHM6XC9cL3d3dy50cm9lc3Nlci1hcnQuZGVcL3dwLWNvbnRlbnRcL3VwbG9hZHNcLzIwMjBcLzA2XC9EU0NfMDA0My0yLXNjYWxlZC5qcGciLCJzbGlkZXNob3ciOiI4ZmJiNzJlIn0%3D\" href='https:\/\/www.troesser-art.de\/wp-content\/uploads\/2020\/06\/DSC_0043-2-scaled.jpg'><img loading=\"lazy\" decoding=\"async\" width=\"150\" height=\"150\" src=\"https:\/\/www.troesser-art.de\/wp-content\/uploads\/2020\/06\/DSC_0043-2-150x150.jpg?v=1593272388\" class=\"attachment-thumbnail size-thumbnail\" alt=\"\" aria-describedby=\"gallery-1-2444\" \/><\/a>\n\t\t\t<\/dt>\n\t\t\t\t<dd class='wp-caption-text gallery-caption' id='gallery-1-2444'>\n\t\t\t\tHundstifte\n\t\t\t\t<\/dd><\/dl><dl class='gallery-item'>\n\t\t\t<dt class='gallery-icon landscape'>\n\t\t\t\t<a data-elementor-open-lightbox=\"yes\" data-elementor-lightbox-slideshow=\"8fbb72e\" data-elementor-lightbox-title=\"Verf\u00fchrung\" e-action-hash=\"#elementor-action%3Aaction%3Dlightbox%26settings%3DeyJpZCI6NjYyLCJ1cmwiOiJodHRwczpcL1wvd3d3LnRyb2Vzc2VyLWFydC5kZVwvd3AtY29udGVudFwvdXBsb2Fkc1wvMjAyMFwvMDVcL1ZlcmZcdTAwZmNocnVuZy0yMDEzLmpwZWciLCJzbGlkZXNob3ciOiI4ZmJiNzJlIn0%3D\" href='https:\/\/www.troesser-art.de\/wp-content\/uploads\/2020\/05\/Verf\u00fchrung-2013.jpeg'><img loading=\"lazy\" decoding=\"async\" width=\"150\" height=\"150\" src=\"https:\/\/www.troesser-art.de\/wp-content\/uploads\/2020\/05\/Verf\u00fchrung-2013-150x150.jpeg?v=1589889417\" class=\"attachment-thumbnail size-thumbnail\" alt=\"\" aria-describedby=\"gallery-1-662\" \/><\/a>\n\t\t\t<\/dt>\n\t\t\t\t<dd class='wp-caption-text gallery-caption' id='gallery-1-662'>\n\t\t\t\tVerf\u00fchrung \n\t\t\t\t<\/dd><\/dl><dl class='gallery-item'>\n\t\t\t<dt class='gallery-icon landscape'>\n\t\t\t\t<a data-elementor-open-lightbox=\"yes\" data-elementor-lightbox-slideshow=\"8fbb72e\" data-elementor-lightbox-title=\"Fernohr\" e-action-hash=\"#elementor-action%3Aaction%3Dlightbox%26settings%3DeyJpZCI6NDU3LCJ1cmwiOiJodHRwczpcL1wvd3d3LnRyb2Vzc2VyLWFydC5kZVwvd3AtY29udGVudFwvdXBsb2Fkc1wvMjAyMFwvMDVcLzEwMG9qc2oxXzFfYWRpby5qcGVnIiwic2xpZGVzaG93IjoiOGZiYjcyZSJ9\" href='https:\/\/www.troesser-art.de\/wp-content\/uploads\/2020\/05\/100ojsj1_1_adio.jpeg'><img loading=\"lazy\" decoding=\"async\" width=\"150\" height=\"150\" src=\"https:\/\/www.troesser-art.de\/wp-content\/uploads\/2020\/05\/100ojsj1_1_adio-150x150.jpeg?v=1589729492\" class=\"attachment-thumbnail size-thumbnail\" alt=\"\" aria-describedby=\"gallery-1-457\" \/><\/a>\n\t\t\t<\/dt>\n\t\t\t\t<dd class='wp-caption-text gallery-caption' id='gallery-1-457'>\n\t\t\t\tFernohr\n\t\t\t\t<\/dd><\/dl><br style=\"clear: both\" \/><dl class='gallery-item'>\n\t\t\t<dt class='gallery-icon landscape'>\n\t\t\t\t<a data-elementor-open-lightbox=\"yes\" data-elementor-lightbox-slideshow=\"8fbb72e\" data-elementor-lightbox-title=\"Molke\" e-action-hash=\"#elementor-action%3Aaction%3Dlightbox%26settings%3DeyJpZCI6NDU4LCJ1cmwiOiJodHRwczpcL1wvd3d3LnRyb2Vzc2VyLWFydC5kZVwvd3AtY29udGVudFwvdXBsb2Fkc1wvMjAyMFwvMDVcLzEwMHR5cWNzXzFfUDExNzAyODUuanBlZyIsInNsaWRlc2hvdyI6IjhmYmI3MmUifQ%3D%3D\" href='https:\/\/www.troesser-art.de\/wp-content\/uploads\/2020\/05\/100tyqcs_1_P1170285.jpeg'><img loading=\"lazy\" decoding=\"async\" width=\"150\" height=\"150\" src=\"https:\/\/www.troesser-art.de\/wp-content\/uploads\/2020\/05\/100tyqcs_1_P1170285-150x150.jpeg?v=1589729491\" class=\"attachment-thumbnail size-thumbnail\" alt=\"\" aria-describedby=\"gallery-1-458\" \/><\/a>\n\t\t\t<\/dt>\n\t\t\t\t<dd class='wp-caption-text gallery-caption' id='gallery-1-458'>\n\t\t\t\tMolke\n\t\t\t\t<\/dd><\/dl><dl class='gallery-item'>\n\t\t\t<dt class='gallery-icon landscape'>\n\t\t\t\t<a data-elementor-open-lightbox=\"yes\" data-elementor-lightbox-slideshow=\"8fbb72e\" data-elementor-lightbox-title=\"Klavierzebra\" e-action-hash=\"#elementor-action%3Aaction%3Dlightbox%26settings%3DeyJpZCI6NDU1LCJ1cmwiOiJodHRwczpcL1wvd3d3LnRyb2Vzc2VyLWFydC5kZVwvd3AtY29udGVudFwvdXBsb2Fkc1wvMjAyMFwvMDVcLzEwYmMzYXBkXzFfNjUuanBlZyIsInNsaWRlc2hvdyI6IjhmYmI3MmUifQ%3D%3D\" href='https:\/\/www.troesser-art.de\/wp-content\/uploads\/2020\/05\/10bc3apd_1_65.jpeg'><img loading=\"lazy\" decoding=\"async\" width=\"150\" height=\"150\" src=\"https:\/\/www.troesser-art.de\/wp-content\/uploads\/2020\/05\/10bc3apd_1_65-150x150.jpeg?v=1589729493\" class=\"attachment-thumbnail size-thumbnail\" alt=\"\" aria-describedby=\"gallery-1-455\" \/><\/a>\n\t\t\t<\/dt>\n\t\t\t\t<dd class='wp-caption-text gallery-caption' id='gallery-1-455'>\n\t\t\t\tKlavierzebra\n\t\t\t\t<\/dd><\/dl><dl class='gallery-item'>\n\t\t\t<dt class='gallery-icon landscape'>\n\t\t\t\t<a data-elementor-open-lightbox=\"yes\" data-elementor-lightbox-slideshow=\"8fbb72e\" data-elementor-lightbox-title=\"Traumflug 2020\" e-action-hash=\"#elementor-action%3Aaction%3Dlightbox%26settings%3DeyJpZCI6MzQ4NCwidXJsIjoiaHR0cHM6XC9cL3d3dy50cm9lc3Nlci1hcnQuZGVcL3dwLWNvbnRlbnRcL3VwbG9hZHNcLzIwMjBcLzA3XC9jcm9wcGVkLURTQzAwMDQ5LXNjYWxlZC0zLmpwZyIsInNsaWRlc2hvdyI6IjhmYmI3MmUifQ%3D%3D\" href='https:\/\/www.troesser-art.de\/wp-content\/uploads\/2020\/07\/cropped-DSC00049-scaled-3.jpg'><img loading=\"lazy\" decoding=\"async\" width=\"150\" height=\"150\" src=\"https:\/\/www.troesser-art.de\/wp-content\/uploads\/2020\/07\/cropped-DSC00049-scaled-3-150x150.jpg?v=1603984437\" class=\"attachment-thumbnail size-thumbnail\" alt=\"\" aria-describedby=\"gallery-1-3484\" srcset=\"https:\/\/www.troesser-art.de\/wp-content\/uploads\/2020\/07\/cropped-DSC00049-scaled-3-150x150.jpg?v=1603984437 150w, https:\/\/www.troesser-art.de\/wp-content\/uploads\/2020\/07\/cropped-DSC00049-scaled-3-100x100.jpg?v=1603984437 100w\" sizes=\"auto, (max-width: 150px) 100vw, 150px\" \/><\/a>\n\t\t\t<\/dt>\n\t\t\t\t<dd class='wp-caption-text gallery-caption' id='gallery-1-3484'>\n\t\t\t\tTraumflug\n\t\t\t\t<\/dd><\/dl><dl class='gallery-item'>\n\t\t\t<dt class='gallery-icon portrait'>\n\t\t\t\t<a data-elementor-open-lightbox=\"yes\" data-elementor-lightbox-slideshow=\"8fbb72e\" data-elementor-lightbox-title=\"Das Kreuz mit der Rose\" e-action-hash=\"#elementor-action%3Aaction%3Dlightbox%26settings%3DeyJpZCI6MzA1OCwidXJsIjoiaHR0cHM6XC9cL3d3dy50cm9lc3Nlci1hcnQuZGVcL3dwLWNvbnRlbnRcL3VwbG9hZHNcLzIwMjBcLzA4XC8yMDIwMDMwOV8xNjU4MTUuanBnIiwic2xpZGVzaG93IjoiOGZiYjcyZSJ9\" href='https:\/\/www.troesser-art.de\/wp-content\/uploads\/2020\/08\/20200309_165815.jpg'><img loading=\"lazy\" decoding=\"async\" width=\"150\" height=\"150\" src=\"https:\/\/www.troesser-art.de\/wp-content\/uploads\/2020\/08\/20200309_165815-150x150.jpg?v=1597002476\" class=\"attachment-thumbnail size-thumbnail\" alt=\"\" aria-describedby=\"gallery-1-3058\" \/><\/a>\n\t\t\t<\/dt>\n\t\t\t\t<dd class='wp-caption-text gallery-caption' id='gallery-1-3058'>\n\t\t\t\tDas Kreuz mit der Rose\n\t\t\t\t<\/dd><\/dl><br style=\"clear: both\" \/><dl class='gallery-item'>\n\t\t\t<dt class='gallery-icon landscape'>\n\t\t\t\t<a data-elementor-open-lightbox=\"yes\" data-elementor-lightbox-slideshow=\"8fbb72e\" data-elementor-lightbox-title=\"Das Zauberland\" e-action-hash=\"#elementor-action%3Aaction%3Dlightbox%26settings%3DeyJpZCI6MjcwMywidXJsIjoiaHR0cHM6XC9cL3d3dy50cm9lc3Nlci1hcnQuZGVcL3dwLWNvbnRlbnRcL3VwbG9hZHNcLzIwMjBcLzA3XC9EU0NfMDA1Ny1zY2FsZWQtZTE3MTc1MzMyMDE5MDQuanBnIiwic2xpZGVzaG93IjoiOGZiYjcyZSJ9\" href='https:\/\/www.troesser-art.de\/wp-content\/uploads\/2020\/07\/DSC_0057-scaled-e1717533201904.jpg'><img loading=\"lazy\" decoding=\"async\" width=\"150\" height=\"150\" src=\"https:\/\/www.troesser-art.de\/wp-content\/uploads\/2020\/07\/DSC_0057-scaled-e1717533201904-150x150.jpg?v=1593716830\" class=\"attachment-thumbnail size-thumbnail\" alt=\"\" aria-describedby=\"gallery-1-2703\" srcset=\"https:\/\/www.troesser-art.de\/wp-content\/uploads\/2020\/07\/DSC_0057-scaled-e1717533201904-150x150.jpg?v=1593716830 150w, https:\/\/www.troesser-art.de\/wp-content\/uploads\/2020\/07\/DSC_0057-scaled-e1717533201904-300x300.jpg?v=1593716830 300w, https:\/\/www.troesser-art.de\/wp-content\/uploads\/2020\/07\/DSC_0057-scaled-e1717533201904-640x640.jpg?v=1593716830 640w, https:\/\/www.troesser-art.de\/wp-content\/uploads\/2020\/07\/DSC_0057-scaled-e1717533201904-50x50.jpg?v=1593716830 50w\" sizes=\"auto, (max-width: 150px) 100vw, 150px\" \/><\/a>\n\t\t\t<\/dt>\n\t\t\t\t<dd class='wp-caption-text gallery-caption' id='gallery-1-2703'>\n\t\t\t\tDas Zauberland\n\t\t\t\t<\/dd><\/dl><dl class='gallery-item'>\n\t\t\t<dt class='gallery-icon landscape'>\n\t\t\t\t<a data-elementor-open-lightbox=\"yes\" data-elementor-lightbox-slideshow=\"8fbb72e\" data-elementor-lightbox-title=\"Spielland\" e-action-hash=\"#elementor-action%3Aaction%3Dlightbox%26settings%3DeyJpZCI6NjAxLCJ1cmwiOiJodHRwczpcL1wvd3d3LnRyb2Vzc2VyLWFydC5kZVwvd3AtY29udGVudFwvdXBsb2Fkc1wvMjAyMFwvMDVcLzEwM3J3ZHd4XzFfSzgwMF9QMTAwMDM0Nl8xLmpwZWciLCJzbGlkZXNob3ciOiI4ZmJiNzJlIn0%3D\" href='https:\/\/www.troesser-art.de\/wp-content\/uploads\/2020\/05\/103rwdwx_1_K800_P1000346_1.jpeg'><img loading=\"lazy\" decoding=\"async\" width=\"150\" height=\"150\" src=\"https:\/\/www.troesser-art.de\/wp-content\/uploads\/2020\/05\/103rwdwx_1_K800_P1000346_1-150x150.jpeg?v=1589820082\" class=\"attachment-thumbnail size-thumbnail\" alt=\"\" aria-describedby=\"gallery-1-601\" \/><\/a>\n\t\t\t<\/dt>\n\t\t\t\t<dd class='wp-caption-text gallery-caption' id='gallery-1-601'>\n\t\t\t\tSpielland\n\t\t\t\t<\/dd><\/dl><dl class='gallery-item'>\n\t\t\t<dt class='gallery-icon portrait'>\n\t\t\t\t<a data-elementor-open-lightbox=\"yes\" data-elementor-lightbox-slideshow=\"8fbb72e\" data-elementor-lightbox-title=\"Gehirnh\u00e4lften\" e-action-hash=\"#elementor-action%3Aaction%3Dlightbox%26settings%3DeyJpZCI6NTkwLCJ1cmwiOiJodHRwczpcL1wvd3d3LnRyb2Vzc2VyLWFydC5kZVwvd3AtY29udGVudFwvdXBsb2Fkc1wvMjAyMFwvMDVcL1AxMTcwMzcyLTEuanBlZyIsInNsaWRlc2hvdyI6IjhmYmI3MmUifQ%3D%3D\" href='https:\/\/www.troesser-art.de\/wp-content\/uploads\/2020\/05\/P1170372-1.jpeg'><img loading=\"lazy\" decoding=\"async\" width=\"150\" height=\"150\" src=\"https:\/\/www.troesser-art.de\/wp-content\/uploads\/2020\/05\/P1170372-1-150x150.jpeg?v=1589819990\" class=\"attachment-thumbnail size-thumbnail\" alt=\"Gehirnh\u00e4lften\" aria-describedby=\"gallery-1-590\" \/><\/a>\n\t\t\t<\/dt>\n\t\t\t\t<dd class='wp-caption-text gallery-caption' id='gallery-1-590'>\n\t\t\t\tGehirnh\u00e4lften\n\t\t\t\t<\/dd><\/dl><dl class='gallery-item'>\n\t\t\t<dt class='gallery-icon landscape'>\n\t\t\t\t<a data-elementor-open-lightbox=\"yes\" data-elementor-lightbox-slideshow=\"8fbb72e\" data-elementor-lightbox-title=\"Rotes Sofa\" e-action-hash=\"#elementor-action%3Aaction%3Dlightbox%26settings%3DeyJpZCI6NTYxLCJ1cmwiOiJodHRwczpcL1wvd3d3LnRyb2Vzc2VyLWFydC5kZVwvd3AtY29udGVudFwvdXBsb2Fkc1wvMjAyMFwvMDVcL1AxMDcwMDk0XzFfMS0xLXNjYWxlZC5qcGVnIiwic2xpZGVzaG93IjoiOGZiYjcyZSJ9\" href='https:\/\/www.troesser-art.de\/wp-content\/uploads\/2020\/05\/P1070094_1_1-1-scaled.jpeg'><img loading=\"lazy\" decoding=\"async\" width=\"150\" height=\"150\" src=\"https:\/\/www.troesser-art.de\/wp-content\/uploads\/2020\/05\/P1070094_1_1-1-150x150.jpeg?v=1589743204\" class=\"attachment-thumbnail size-thumbnail\" alt=\"\" aria-describedby=\"gallery-1-561\" \/><\/a>\n\t\t\t<\/dt>\n\t\t\t\t<dd class='wp-caption-text gallery-caption' id='gallery-1-561'>\n\t\t\t\tRotes Sofa\n\t\t\t\t<\/dd><\/dl><br style=\"clear: both\" \/><dl class='gallery-item'>\n\t\t\t<dt class='gallery-icon portrait'>\n\t\t\t\t<a data-elementor-open-lightbox=\"yes\" data-elementor-lightbox-slideshow=\"8fbb72e\" data-elementor-lightbox-title=\"MultiKulti\" e-action-hash=\"#elementor-action%3Aaction%3Dlightbox%26settings%3DeyJpZCI6NDY2LCJ1cmwiOiJodHRwczpcL1wvd3d3LnRyb2Vzc2VyLWFydC5kZVwvd3AtY29udGVudFwvdXBsb2Fkc1wvMjAyMFwvMDVcL0lNR18yODc1LmpwZWciLCJzbGlkZXNob3ciOiI4ZmJiNzJlIn0%3D\" href='https:\/\/www.troesser-art.de\/wp-content\/uploads\/2020\/05\/IMG_2875.jpeg'><img loading=\"lazy\" decoding=\"async\" width=\"150\" height=\"150\" src=\"https:\/\/www.troesser-art.de\/wp-content\/uploads\/2020\/05\/IMG_2875-150x150.jpeg?v=1589729482\" class=\"attachment-thumbnail size-thumbnail\" alt=\"\" aria-describedby=\"gallery-1-466\" \/><\/a>\n\t\t\t<\/dt>\n\t\t\t\t<dd class='wp-caption-text gallery-caption' id='gallery-1-466'>\n\t\t\t\tMultiKulti\n\t\t\t\t<\/dd><\/dl><dl class='gallery-item'>\n\t\t\t<dt class='gallery-icon landscape'>\n\t\t\t\t<a data-elementor-open-lightbox=\"yes\" data-elementor-lightbox-slideshow=\"8fbb72e\" data-elementor-lightbox-title=\"Buchtop\" e-action-hash=\"#elementor-action%3Aaction%3Dlightbox%26settings%3DeyJpZCI6NDcxLCJ1cmwiOiJodHRwczpcL1wvd3d3LnRyb2Vzc2VyLWFydC5kZVwvd3AtY29udGVudFwvdXBsb2Fkc1wvMjAyMFwvMDVcL1AxMTMwOTA4LWUxNTg5NzMwNjk5ODMyLmpwZWciLCJzbGlkZXNob3ciOiI4ZmJiNzJlIn0%3D\" href='https:\/\/www.troesser-art.de\/wp-content\/uploads\/2020\/05\/P1130908-e1589730699832.jpeg'><img loading=\"lazy\" decoding=\"async\" width=\"150\" height=\"150\" src=\"https:\/\/www.troesser-art.de\/wp-content\/uploads\/2020\/05\/P1130908-e1589730699832-150x150.jpeg?v=1589729478\" class=\"attachment-thumbnail size-thumbnail\" alt=\"\" aria-describedby=\"gallery-1-471\" \/><\/a>\n\t\t\t<\/dt>\n\t\t\t\t<dd class='wp-caption-text gallery-caption' id='gallery-1-471'>\n\t\t\t\tBuchtop\n\t\t\t\t<\/dd><\/dl><dl class='gallery-item'>\n\t\t\t<dt class='gallery-icon portrait'>\n\t\t\t\t<a data-elementor-open-lightbox=\"yes\" data-elementor-lightbox-slideshow=\"8fbb72e\" data-elementor-lightbox-title=\"MilkaMolke\" e-action-hash=\"#elementor-action%3Aaction%3Dlightbox%26settings%3DeyJpZCI6NDY5LCJ1cmwiOiJodHRwczpcL1wvd3d3LnRyb2Vzc2VyLWFydC5kZVwvd3AtY29udGVudFwvdXBsb2Fkc1wvMjAyMFwvMDVcL0s4MDBfSU1HXzkwLTAxLWFkanVzdC1jb250cmFzdC5qcGVnIiwic2xpZGVzaG93IjoiOGZiYjcyZSJ9\" href='https:\/\/www.troesser-art.de\/wp-content\/uploads\/2020\/05\/K800_IMG_90-01-adjust-contrast.jpeg'><img loading=\"lazy\" decoding=\"async\" width=\"150\" height=\"150\" src=\"https:\/\/www.troesser-art.de\/wp-content\/uploads\/2020\/05\/K800_IMG_90-01-adjust-contrast-150x150.jpeg?v=1589729480\" class=\"attachment-thumbnail size-thumbnail\" alt=\"\" aria-describedby=\"gallery-1-469\" \/><\/a>\n\t\t\t<\/dt>\n\t\t\t\t<dd class='wp-caption-text gallery-caption' id='gallery-1-469'>\n\t\t\t\tMilkaMolke\n\t\t\t\t<\/dd><\/dl><dl class='gallery-item'>\n\t\t\t<dt class='gallery-icon portrait'>\n\t\t\t\t<a data-elementor-open-lightbox=\"yes\" data-elementor-lightbox-slideshow=\"8fbb72e\" data-elementor-lightbox-title=\"Feuerschlauch\" e-action-hash=\"#elementor-action%3Aaction%3Dlightbox%26settings%3DeyJpZCI6MzI2MiwidXJsIjoiaHR0cHM6XC9cL3d3dy50cm9lc3Nlci1hcnQuZGVcL3dwLWNvbnRlbnRcL3VwbG9hZHNcLzIwMjBcLzEwXC9EU0MwNjQ1Ny0yMDR4MzAwLTEuanBnIiwic2xpZGVzaG93IjoiOGZiYjcyZSJ9\" href='https:\/\/www.troesser-art.de\/wp-content\/uploads\/2020\/10\/DSC06457-204x300-1.jpg'><img loading=\"lazy\" decoding=\"async\" width=\"150\" height=\"150\" src=\"https:\/\/www.troesser-art.de\/wp-content\/uploads\/2020\/10\/DSC06457-204x300-1-150x150.jpg?v=1601726349\" class=\"attachment-thumbnail size-thumbnail\" alt=\"\" aria-describedby=\"gallery-1-3262\" \/><\/a>\n\t\t\t<\/dt>\n\t\t\t\t<dd class='wp-caption-text gallery-caption' id='gallery-1-3262'>\n\t\t\t\tFeuerschlauch\n\t\t\t\t<\/dd><\/dl><br style=\"clear: both\" \/><dl class='gallery-item'>\n\t\t\t<dt class='gallery-icon landscape'>\n\t\t\t\t<a data-elementor-open-lightbox=\"yes\" data-elementor-lightbox-slideshow=\"8fbb72e\" data-elementor-lightbox-title=\"Ehetube\" e-action-hash=\"#elementor-action%3Aaction%3Dlightbox%26settings%3DeyJpZCI6NDYwLCJ1cmwiOiJodHRwczpcL1wvd3d3LnRyb2Vzc2VyLWFydC5kZVwvd3AtY29udGVudFwvdXBsb2Fkc1wvMjAyMFwvMDVcL0RTQ18wNTQyLXNjYWxlZC5qcGVnIiwic2xpZGVzaG93IjoiOGZiYjcyZSJ9\" href='https:\/\/www.troesser-art.de\/wp-content\/uploads\/2020\/05\/DSC_0542-scaled.jpeg'><img loading=\"lazy\" decoding=\"async\" width=\"150\" height=\"150\" src=\"https:\/\/www.troesser-art.de\/wp-content\/uploads\/2020\/05\/DSC_0542-scaled-150x150.jpeg?v=1589729489\" class=\"attachment-thumbnail size-thumbnail\" alt=\"\" aria-describedby=\"gallery-1-460\" \/><\/a>\n\t\t\t<\/dt>\n\t\t\t\t<dd class='wp-caption-text gallery-caption' id='gallery-1-460'>\n\t\t\t\tEhetube\n\t\t\t\t<\/dd><\/dl>\n\t\t\t<br style='clear: both' \/>\n\t\t<\/div>\n\t\t<\/div>\n\t\t\t\t<\/div>\n\t\t\t\t<\/div>\n\t\t\t\t\t\t<\/div>\n\t\t\t\t\t<\/div>\n\t\t<\/div>\n\t\t\t\t\t\t\t\t<\/div>\n\t\t\t\t\t<\/div>\n\t\t<\/section>\n\t\t\t\t\t\t\t\t\t<\/div>\n\t\t\t<\/div>\n\t\t\t\t\t<\/div>\n\t\t","protected":false},"excerpt":{"rendered":"<p>Die Leuchtgiraffe \u00a0 Die Leuchtgiraffe ist eine ganz besondere Spezies! Sie steht unten mit allen Vieren fest am Boden, trotzt dem Wind und jeder noch so starken Welle. Doch oben! Oben bewegt sie sich flink, l\u00e4sst sich dennoch nicht verbiegen, leuchtet in die entferntesten Ecken und wird von der Weite [&hellip;]<\/p>\n","protected":false},"author":1,"featured_media":5895,"parent":0,"menu_order":0,"comment_status":"open","ping_status":"closed","template":"","meta":{"footnotes":""},"class_list":["post-71","page","type-page","status-publish","has-post-thumbnail","hentry"],"_links":{"self":[{"href":"https:\/\/www.troesser-art.de\/index.php?rest_route=\/wp\/v2\/pages\/71","targetHints":{"allow":["GET"]}}],"collection":[{"href":"https:\/\/www.troesser-art.de\/index.php?rest_route=\/wp\/v2\/pages"}],"about":[{"href":"https:\/\/www.troesser-art.de\/index.php?rest_route=\/wp\/v2\/types\/page"}],"author":[{"embeddable":true,"href":"https:\/\/www.troesser-art.de\/index.php?rest_route=\/wp\/v2\/users\/1"}],"replies":[{"embeddable":true,"href":"https:\/\/www.troesser-art.de\/index.php?rest_route=%2Fwp%2Fv2%2Fcomments&post=71"}],"version-history":[{"count":107,"href":"https:\/\/www.troesser-art.de\/index.php?rest_route=\/wp\/v2\/pages\/71\/revisions"}],"predecessor-version":[{"id":8434,"href":"https:\/\/www.troesser-art.de\/index.php?rest_route=\/wp\/v2\/pages\/71\/revisions\/8434"}],"wp:featuredmedia":[{"embeddable":true,"href":"https:\/\/www.troesser-art.de\/index.php?rest_route=\/wp\/v2\/media\/5895"}],"wp:attachment":[{"href":"https:\/\/www.troesser-art.de\/index.php?rest_route=%2Fwp%2Fv2%2Fmedia&parent=71"}],"curies":[{"name":"wp","href":"https:\/\/api.w.org\/{rel}","templated":true}]}}