{"id":5979,"date":"2022-01-22T15:00:49","date_gmt":"2022-01-22T15:00:49","guid":{"rendered":"https:\/\/www.troesser-art.de\/?page_id=5979"},"modified":"2024-06-16T13:47:09","modified_gmt":"2024-06-16T13:47:09","slug":"leuchtgiraffe-als-symbol","status":"publish","type":"page","link":"https:\/\/www.troesser-art.de\/?page_id=5979","title":{"rendered":"Leuchtgiraffe als Symbol"},"content":{"rendered":"\t\t<div data-elementor-type=\"wp-page\" data-elementor-id=\"5979\" class=\"elementor elementor-5979\">\n\t\t\t\t\t\t<div class=\"elementor-inner\">\n\t\t\t\t<div class=\"elementor-section-wrap\">\n\t\t\t\t\t\t\t\t\t<section class=\"elementor-section elementor-top-section elementor-element elementor-element-f3cd9ec elementor-section-boxed elementor-section-height-default elementor-section-height-default\" data-id=\"f3cd9ec\" data-element_type=\"section\">\n\t\t\t\t\t\t<div class=\"elementor-container elementor-column-gap-default\">\n\t\t\t\t\t\t\t<div class=\"elementor-row\">\n\t\t\t\t\t<div class=\"elementor-column elementor-col-100 elementor-top-column elementor-element elementor-element-f9db583\" data-id=\"f9db583\" data-element_type=\"column\">\n\t\t\t<div class=\"elementor-column-wrap elementor-element-populated\">\n\t\t\t\t\t\t\t<div class=\"elementor-widget-wrap\">\n\t\t\t\t\t\t<div class=\"elementor-element elementor-element-2db5c20 elementor-widget elementor-widget-text-editor\" data-id=\"2db5c20\" data-element_type=\"widget\" data-widget_type=\"text-editor.default\">\n\t\t\t\t<div class=\"elementor-widget-container\">\n\t\t\t\t\t\t\t\t<div class=\"elementor-text-editor elementor-clearfix\">\n\t\t\t\t<p style=\"text-align: center;\"><strong>Ein Bild als Zeichen einer St\u00e4dtepartnerschaft<\/strong><\/p><p style=\"text-align: center;\"><strong>Ratingen &#8211; Maubeuge \/ Frankreich<\/strong><\/p>\t\t\t\t\t<\/div>\n\t\t\t\t\t\t<\/div>\n\t\t\t\t<\/div>\n\t\t\t\t\t\t<\/div>\n\t\t\t\t\t<\/div>\n\t\t<\/div>\n\t\t\t\t\t\t\t\t<\/div>\n\t\t\t\t\t<\/div>\n\t\t<\/section>\n\t\t\t\t<section class=\"elementor-section elementor-top-section elementor-element elementor-element-39ceef7 elementor-section-boxed elementor-section-height-default elementor-section-height-default\" data-id=\"39ceef7\" data-element_type=\"section\">\n\t\t\t\t\t\t<div class=\"elementor-container elementor-column-gap-default\">\n\t\t\t\t\t\t\t<div class=\"elementor-row\">\n\t\t\t\t\t<div class=\"elementor-column elementor-col-50 elementor-top-column elementor-element elementor-element-e39f492\" data-id=\"e39f492\" data-element_type=\"column\">\n\t\t\t<div class=\"elementor-column-wrap elementor-element-populated\">\n\t\t\t\t\t\t\t<div class=\"elementor-widget-wrap\">\n\t\t\t\t\t\t<div class=\"elementor-element elementor-element-e70316b elementor-widget elementor-widget-image\" data-id=\"e70316b\" data-element_type=\"widget\" data-widget_type=\"image.default\">\n\t\t\t\t<div class=\"elementor-widget-container\">\n\t\t\t\t\t\t\t\t<div class=\"elementor-image\">\n\t\t\t\t\t\t\t\t\t\t\t\t<img loading=\"lazy\" decoding=\"async\" width=\"600\" height=\"800\" src=\"https:\/\/www.troesser-art.de\/wp-content\/uploads\/2022\/01\/Giraffe-p51bnxkusiiu1omznwj18ibnnw1hczhcb4jm9sgpj4.jpeg?v=1642863753\" class=\"attachment-large size-large\" alt=\"\" srcset=\"https:\/\/www.troesser-art.de\/wp-content\/uploads\/2022\/01\/Giraffe-p51bnxkusiiu1omznwj18ibnnw1hczhcb4jm9sgpj4.jpeg?v=1642863753 600w, https:\/\/www.troesser-art.de\/wp-content\/uploads\/2022\/01\/Giraffe-p51bnxkusiiu1omznwj18ibnnw1hczhcb4jm9sgpj4-230x307.jpeg?v=1642863753 230w, https:\/\/www.troesser-art.de\/wp-content\/uploads\/2022\/01\/Giraffe-p51bnxkusiiu1omznwj18ibnnw1hczhcb4jm9sgpj4-350x467.jpeg?v=1642863753 350w, https:\/\/www.troesser-art.de\/wp-content\/uploads\/2022\/01\/Giraffe-p51bnxkusiiu1omznwj18ibnnw1hczhcb4jm9sgpj4-480x640.jpeg?v=1642863753 480w\" sizes=\"auto, (max-width: 600px) 100vw, 600px\" \/>\t\t\t\t\t\t\t\t\t\t\t\t\t\t<\/div>\n\t\t\t\t\t\t<\/div>\n\t\t\t\t<\/div>\n\t\t\t\t\t\t<\/div>\n\t\t\t\t\t<\/div>\n\t\t<\/div>\n\t\t\t\t<div class=\"elementor-column elementor-col-50 elementor-top-column elementor-element elementor-element-016147e\" data-id=\"016147e\" data-element_type=\"column\">\n\t\t\t<div class=\"elementor-column-wrap elementor-element-populated\">\n\t\t\t\t\t\t\t<div class=\"elementor-widget-wrap\">\n\t\t\t\t\t\t<div class=\"elementor-element elementor-element-8cfdbff elementor-widget elementor-widget-image\" data-id=\"8cfdbff\" data-element_type=\"widget\" data-widget_type=\"image.default\">\n\t\t\t\t<div class=\"elementor-widget-container\">\n\t\t\t\t\t\t\t\t<div class=\"elementor-image\">\n\t\t\t\t\t\t\t\t\t\t\t\t<img loading=\"lazy\" decoding=\"async\" width=\"600\" height=\"800\" src=\"https:\/\/www.troesser-art.de\/wp-content\/uploads\/2022\/01\/20180927_200104-scaled-e1612878806908-p51bd6bckrsp6c9ih94qp81qx5299orxhvrkjsewqo.jpeg?v=1642863754\" class=\"attachment-large size-large\" alt=\"\" srcset=\"https:\/\/www.troesser-art.de\/wp-content\/uploads\/2022\/01\/20180927_200104-scaled-e1612878806908-p51bd6bckrsp6c9ih94qp81qx5299orxhvrkjsewqo.jpeg?v=1642863754 600w, https:\/\/www.troesser-art.de\/wp-content\/uploads\/2022\/01\/20180927_200104-scaled-e1612878806908-p51bd6bckrsp6c9ih94qp81qx5299orxhvrkjsewqo-230x307.jpeg?v=1642863754 230w, https:\/\/www.troesser-art.de\/wp-content\/uploads\/2022\/01\/20180927_200104-scaled-e1612878806908-p51bd6bckrsp6c9ih94qp81qx5299orxhvrkjsewqo-350x467.jpeg?v=1642863754 350w, https:\/\/www.troesser-art.de\/wp-content\/uploads\/2022\/01\/20180927_200104-scaled-e1612878806908-p51bd6bckrsp6c9ih94qp81qx5299orxhvrkjsewqo-480x640.jpeg?v=1642863754 480w\" sizes=\"auto, (max-width: 600px) 100vw, 600px\" \/>\t\t\t\t\t\t\t\t\t\t\t\t\t\t<\/div>\n\t\t\t\t\t\t<\/div>\n\t\t\t\t<\/div>\n\t\t\t\t\t\t<\/div>\n\t\t\t\t\t<\/div>\n\t\t<\/div>\n\t\t\t\t\t\t\t\t<\/div>\n\t\t\t\t\t<\/div>\n\t\t<\/section>\n\t\t\t\t<section class=\"elementor-section elementor-top-section elementor-element elementor-element-7ba0e9e elementor-section-boxed elementor-section-height-default elementor-section-height-default\" data-id=\"7ba0e9e\" data-element_type=\"section\">\n\t\t\t\t\t\t<div class=\"elementor-container elementor-column-gap-default\">\n\t\t\t\t\t\t\t<div class=\"elementor-row\">\n\t\t\t\t\t<div class=\"elementor-column elementor-col-100 elementor-top-column elementor-element elementor-element-dc54ce1\" data-id=\"dc54ce1\" data-element_type=\"column\">\n\t\t\t<div class=\"elementor-column-wrap elementor-element-populated\">\n\t\t\t\t\t\t\t<div class=\"elementor-widget-wrap\">\n\t\t\t\t\t\t<div class=\"elementor-element elementor-element-0185d6b elementor-widget elementor-widget-text-editor\" data-id=\"0185d6b\" data-element_type=\"widget\" data-widget_type=\"text-editor.default\">\n\t\t\t\t<div class=\"elementor-widget-container\">\n\t\t\t\t\t\t\t\t<div class=\"elementor-text-editor elementor-clearfix\">\n\t\t\t\t<p>W\u00e4hrend der einw\u00f6chigen<strong> Ausstellung Ratinger Maler<\/strong> im Rathaus der Partnerstadt<strong> Maubeuge\/Frankreich <\/strong>im September 2018 waren Mitglieder der Stadtverwaltung und der B\u00fcrgermeister von Maubeuge besonders von einem Bild angetan, der <strong>Leuchtgiraffe<\/strong>.<\/p><p>Sie sahen darin ein k\u00fcnstlerisch umgesetztes Symbol von Partnerschaft, w\u00f6rtlich auf der Titelseite der Zeitung \u201eLa voix du nord\u201c:<strong> \u201eLe jumelage\u00a0 c`est tout un art\u201c (\u201ePartnerschaft ist auch Kunst\u201c)<\/strong>.<\/p><p>Die beiden Lichter, die aus den H\u00f6rnchen der Giraffe ins Dunkle strahlen, werteten sie als Symbol der Freundschaft \u00fcber alles Dunkle hinweg, eine Partnerschaft, die unten auf festen Beinen steht, und doch manchmal fragil sein kann.<\/p><p>Die Stadt Ratingen nahm den Gedanken auf. Als der B\u00fcrgermeister von Maubeuge zu seinem Gegenbesuch nach Ratingen kam, wurde ihm die Leuchtgiraffe von B\u00fcrgermeister Klaus Pesch feierlich \u00fcbergeben. Seitdem h\u00e4ngt das Bild im Rathaus von Maubeuge und leuchtet in beide Richtungen: Von Frankreich nach Deutschland und zur\u00fcck.\u00a0<strong>\u00a0\u00a0\u00a0<\/strong><\/p>\t\t\t\t\t<\/div>\n\t\t\t\t\t\t<\/div>\n\t\t\t\t<\/div>\n\t\t\t\t\t\t<\/div>\n\t\t\t\t\t<\/div>\n\t\t<\/div>\n\t\t\t\t\t\t\t\t<\/div>\n\t\t\t\t\t<\/div>\n\t\t<\/section>\n\t\t\t\t<section class=\"elementor-section elementor-top-section elementor-element elementor-element-039ed8f elementor-section-boxed elementor-section-height-default elementor-section-height-default\" data-id=\"039ed8f\" data-element_type=\"section\">\n\t\t\t\t\t\t<div class=\"elementor-container elementor-column-gap-default\">\n\t\t\t\t\t\t\t<div class=\"elementor-row\">\n\t\t\t\t\t<div class=\"elementor-column elementor-col-100 elementor-top-column elementor-element elementor-element-969173d\" data-id=\"969173d\" data-element_type=\"column\">\n\t\t\t<div class=\"elementor-column-wrap elementor-element-populated\">\n\t\t\t\t\t\t\t<div class=\"elementor-widget-wrap\">\n\t\t\t\t\t\t<div class=\"elementor-element elementor-element-3a04954 elementor-widget elementor-widget-heading\" data-id=\"3a04954\" data-element_type=\"widget\" data-widget_type=\"heading.default\">\n\t\t\t\t<div class=\"elementor-widget-container\">\n\t\t\t<h2 class=\"elementor-heading-title elementor-size-default\">                                   Die Leuchtgiraffe<\/h2>\t\t<\/div>\n\t\t\t\t<\/div>\n\t\t\t\t\t\t<\/div>\n\t\t\t\t\t<\/div>\n\t\t<\/div>\n\t\t\t\t\t\t\t\t<\/div>\n\t\t\t\t\t<\/div>\n\t\t<\/section>\n\t\t\t\t<section class=\"elementor-section elementor-top-section elementor-element elementor-element-15eeddd elementor-section-boxed elementor-section-height-default elementor-section-height-default\" data-id=\"15eeddd\" data-element_type=\"section\">\n\t\t\t\t\t\t<div class=\"elementor-container elementor-column-gap-default\">\n\t\t\t\t\t\t\t<div class=\"elementor-row\">\n\t\t\t\t\t<div class=\"elementor-column elementor-col-100 elementor-top-column elementor-element elementor-element-04bb375\" data-id=\"04bb375\" data-element_type=\"column\">\n\t\t\t<div class=\"elementor-column-wrap elementor-element-populated\">\n\t\t\t\t\t\t\t<div class=\"elementor-widget-wrap\">\n\t\t\t\t\t\t<div class=\"elementor-element elementor-element-196c76e elementor-widget elementor-widget-text-editor\" data-id=\"196c76e\" data-element_type=\"widget\" data-widget_type=\"text-editor.default\">\n\t\t\t\t<div class=\"elementor-widget-container\">\n\t\t\t\t\t\t\t\t<div class=\"elementor-text-editor elementor-clearfix\">\n\t\t\t\t<p><strong><i>Sie steht unten mit allen Vieren fest am Boden, trotzt dem Wind und jeder noch so starken Welle. Doch oben! Oben bewegt sie sich flink, l\u00e4sst sich dennoch nicht verbiegen, leuchtet in die entferntesten Ecken und wird von der Weite verw\u00f6hnt. (Bild und Text Michael Troesser)<\/i>\u00a0\u00a0\u00a0\u00a0\u00a0\u00a0\u00a0\u00a0\u00a0<\/strong><\/p>\t\t\t\t\t<\/div>\n\t\t\t\t\t\t<\/div>\n\t\t\t\t<\/div>\n\t\t\t\t\t\t<\/div>\n\t\t\t\t\t<\/div>\n\t\t<\/div>\n\t\t\t\t\t\t\t\t<\/div>\n\t\t\t\t\t<\/div>\n\t\t<\/section>\n\t\t\t\t<section class=\"elementor-section elementor-top-section elementor-element elementor-element-a51574c elementor-section-boxed elementor-section-height-default elementor-section-height-default\" data-id=\"a51574c\" data-element_type=\"section\">\n\t\t\t\t\t\t<div class=\"elementor-container elementor-column-gap-default\">\n\t\t\t\t\t\t\t<div class=\"elementor-row\">\n\t\t\t\t\t<div class=\"elementor-column elementor-col-100 elementor-top-column elementor-element elementor-element-e2f8f3f\" data-id=\"e2f8f3f\" data-element_type=\"column\">\n\t\t\t<div class=\"elementor-column-wrap elementor-element-populated\">\n\t\t\t\t\t\t\t<div class=\"elementor-widget-wrap\">\n\t\t\t\t\t\t<div class=\"elementor-element elementor-element-833c194 elementor-widget elementor-widget-text-editor\" data-id=\"833c194\" data-element_type=\"widget\" data-widget_type=\"text-editor.default\">\n\t\t\t\t<div class=\"elementor-widget-container\">\n\t\t\t\t\t\t\t\t<div class=\"elementor-text-editor elementor-clearfix\">\n\t\t\t\t<h5>Bilderquelle: Stadt Ratingen\/ Stadt Maubeuge<\/h5>\t\t\t\t\t<\/div>\n\t\t\t\t\t\t<\/div>\n\t\t\t\t<\/div>\n\t\t\t\t\t\t<\/div>\n\t\t\t\t\t<\/div>\n\t\t<\/div>\n\t\t\t\t\t\t\t\t<\/div>\n\t\t\t\t\t<\/div>\n\t\t<\/section>\n\t\t\t\t\t\t\t\t\t<\/div>\n\t\t\t<\/div>\n\t\t\t\t\t<\/div>\n\t\t","protected":false},"excerpt":{"rendered":"<p>Ein Bild als Zeichen einer St\u00e4dtepartnerschaft Ratingen &#8211; Maubeuge \/ Frankreich W\u00e4hrend der einw\u00f6chigen Ausstellung Ratinger Maler im Rathaus der Partnerstadt Maubeuge\/Frankreich im September 2018 waren Mitglieder der Stadtverwaltung und der B\u00fcrgermeister von Maubeuge besonders von einem Bild angetan, der Leuchtgiraffe. Sie sahen darin ein k\u00fcnstlerisch umgesetztes Symbol von Partnerschaft, [&hellip;]<\/p>\n","protected":false},"author":1,"featured_media":0,"parent":0,"menu_order":0,"comment_status":"closed","ping_status":"closed","template":"","meta":{"footnotes":""},"class_list":["post-5979","page","type-page","status-publish","hentry"],"_links":{"self":[{"href":"https:\/\/www.troesser-art.de\/index.php?rest_route=\/wp\/v2\/pages\/5979","targetHints":{"allow":["GET"]}}],"collection":[{"href":"https:\/\/www.troesser-art.de\/index.php?rest_route=\/wp\/v2\/pages"}],"about":[{"href":"https:\/\/www.troesser-art.de\/index.php?rest_route=\/wp\/v2\/types\/page"}],"author":[{"embeddable":true,"href":"https:\/\/www.troesser-art.de\/index.php?rest_route=\/wp\/v2\/users\/1"}],"replies":[{"embeddable":true,"href":"https:\/\/www.troesser-art.de\/index.php?rest_route=%2Fwp%2Fv2%2Fcomments&post=5979"}],"version-history":[{"count":20,"href":"https:\/\/www.troesser-art.de\/index.php?rest_route=\/wp\/v2\/pages\/5979\/revisions"}],"predecessor-version":[{"id":8852,"href":"https:\/\/www.troesser-art.de\/index.php?rest_route=\/wp\/v2\/pages\/5979\/revisions\/8852"}],"wp:attachment":[{"href":"https:\/\/www.troesser-art.de\/index.php?rest_route=%2Fwp%2Fv2%2Fmedia&parent=5979"}],"curies":[{"name":"wp","href":"https:\/\/api.w.org\/{rel}","templated":true}]}}