{"id":2159,"date":"2020-06-25T10:54:14","date_gmt":"2020-06-25T10:54:14","guid":{"rendered":"https:\/\/www.troesser-art.de\/?page_id=2159"},"modified":"2024-06-12T19:48:10","modified_gmt":"2024-06-12T19:48:10","slug":"malen-2","status":"publish","type":"page","link":"https:\/\/www.troesser-art.de\/?page_id=2159","title":{"rendered":"MALEN"},"content":{"rendered":"\t\t<div data-elementor-type=\"wp-page\" data-elementor-id=\"2159\" class=\"elementor elementor-2159\">\n\t\t\t\t\t\t<div class=\"elementor-inner\">\n\t\t\t\t<div class=\"elementor-section-wrap\">\n\t\t\t\t\t\t\t\t\t<section class=\"elementor-section elementor-top-section elementor-element elementor-element-c81c8b6 elementor-section-full_width elementor-section-height-default elementor-section-height-default\" data-id=\"c81c8b6\" data-element_type=\"section\" data-settings=\"{&quot;background_background&quot;:&quot;gradient&quot;}\">\n\t\t\t\t\t\t<div class=\"elementor-container elementor-column-gap-no\">\n\t\t\t\t\t\t\t<div class=\"elementor-row\">\n\t\t\t\t\t<div class=\"elementor-column elementor-col-100 elementor-top-column elementor-element elementor-element-864a110\" data-id=\"864a110\" data-element_type=\"column\">\n\t\t\t<div class=\"elementor-column-wrap elementor-element-populated\">\n\t\t\t\t\t\t\t<div class=\"elementor-widget-wrap\">\n\t\t\t\t\t\t<div class=\"elementor-element elementor-element-2f907f0 elementor-widget elementor-widget-heading\" data-id=\"2f907f0\" data-element_type=\"widget\" data-widget_type=\"heading.default\">\n\t\t\t\t<div class=\"elementor-widget-container\">\n\t\t\t<h3 class=\"elementor-heading-title elementor-size-xl\">Wie wirklich ist die Wirklichkeit                           im kreativen Prozess?<\/h3>\t\t<\/div>\n\t\t\t\t<\/div>\n\t\t\t\t\t\t<\/div>\n\t\t\t\t\t<\/div>\n\t\t<\/div>\n\t\t\t\t\t\t\t\t<\/div>\n\t\t\t\t\t<\/div>\n\t\t<\/section>\n\t\t\t\t<section class=\"elementor-section elementor-top-section elementor-element elementor-element-f7dd89a elementor-section-boxed elementor-section-height-default elementor-section-height-default\" data-id=\"f7dd89a\" data-element_type=\"section\">\n\t\t\t\t\t\t<div class=\"elementor-container elementor-column-gap-default\">\n\t\t\t\t\t\t\t<div class=\"elementor-row\">\n\t\t\t\t\t<div class=\"elementor-column elementor-col-100 elementor-top-column elementor-element elementor-element-956ef80\" data-id=\"956ef80\" data-element_type=\"column\">\n\t\t\t<div class=\"elementor-column-wrap elementor-element-populated\">\n\t\t\t\t\t\t\t<div class=\"elementor-widget-wrap\">\n\t\t\t\t\t\t<div class=\"elementor-element elementor-element-3eeca89 elementor-widget elementor-widget-image\" data-id=\"3eeca89\" data-element_type=\"widget\" data-widget_type=\"image.default\">\n\t\t\t\t<div class=\"elementor-widget-container\">\n\t\t\t\t\t\t\t\t<div class=\"elementor-image\">\n\t\t\t\t\t\t\t\t\t\t\t\t<img loading=\"lazy\" decoding=\"async\" width=\"700\" height=\"499\" src=\"https:\/\/www.troesser-art.de\/wp-content\/uploads\/2020\/05\/100tyqcs_1_P1170285.jpeg?v=1589729491\" class=\"attachment-large size-large\" alt=\"\" srcset=\"https:\/\/www.troesser-art.de\/wp-content\/uploads\/2020\/05\/100tyqcs_1_P1170285.jpeg?v=1589729491 800w, https:\/\/www.troesser-art.de\/wp-content\/uploads\/2020\/05\/100tyqcs_1_P1170285-300x214.jpeg?v=1589729491 300w, https:\/\/www.troesser-art.de\/wp-content\/uploads\/2020\/05\/100tyqcs_1_P1170285-768x547.jpeg?v=1589729491 768w, https:\/\/www.troesser-art.de\/wp-content\/uploads\/2020\/05\/100tyqcs_1_P1170285-230x164.jpeg?v=1589729491 230w, https:\/\/www.troesser-art.de\/wp-content\/uploads\/2020\/05\/100tyqcs_1_P1170285-350x249.jpeg?v=1589729491 350w, https:\/\/www.troesser-art.de\/wp-content\/uploads\/2020\/05\/100tyqcs_1_P1170285-480x342.jpeg?v=1589729491 480w\" sizes=\"auto, (max-width: 700px) 100vw, 700px\" \/>\t\t\t\t\t\t\t\t\t\t\t\t\t\t<\/div>\n\t\t\t\t\t\t<\/div>\n\t\t\t\t<\/div>\n\t\t\t\t\t\t<\/div>\n\t\t\t\t\t<\/div>\n\t\t<\/div>\n\t\t\t\t\t\t\t\t<\/div>\n\t\t\t\t\t<\/div>\n\t\t<\/section>\n\t\t\t\t<section class=\"elementor-section elementor-top-section elementor-element elementor-element-7a4ca41 elementor-section-boxed elementor-section-height-default elementor-section-height-default\" data-id=\"7a4ca41\" data-element_type=\"section\">\n\t\t\t\t\t\t<div class=\"elementor-container elementor-column-gap-default\">\n\t\t\t\t\t\t\t<div class=\"elementor-row\">\n\t\t\t\t\t<div class=\"elementor-column elementor-col-100 elementor-top-column elementor-element elementor-element-588db47\" data-id=\"588db47\" data-element_type=\"column\">\n\t\t\t<div class=\"elementor-column-wrap elementor-element-populated\">\n\t\t\t\t\t\t\t<div class=\"elementor-widget-wrap\">\n\t\t\t\t\t\t<div class=\"elementor-element elementor-element-25e8d95 elementor-widget elementor-widget-text-editor\" data-id=\"25e8d95\" data-element_type=\"widget\" data-widget_type=\"text-editor.default\">\n\t\t\t\t<div class=\"elementor-widget-container\">\n\t\t\t\t\t\t\t\t<div class=\"elementor-text-editor elementor-clearfix\">\n\t\t\t\t<p>Wenn Immanuel Kant schreibt, dass man nie zu <em>dem Ding an sich<\/em> vordringen bedeutet dies, dass man\u00a0 nie <em>die<\/em> Realit\u00e4t sieht, sondern immer nur die <em>eigene<\/em> Realit\u00e4t jedes Einzelnen. Und kann aus unendlichen, pers\u00f6nlichen Realit\u00e4ten bestehen.<\/p><p>Jedes Ding ist nicht nur ein Ding, sondern das, was meine Wahrnehmung daraus macht,\u00a0 also mein Ding.<\/p><p>Dabei ist das Personalpronomen &#8220;mein&#8221; wichtig, denn die Wahrnehmung ist immer nur Wahrnehmung in der ersten Person. Ich kann zwar Vereinbarungen treffen (z.B. Verkehrsschilder) oder Deckungsgleichheiten suchen (z.B. wenn man versucht, Welt aus den Augen eines Anderen zu betrachten). Aber es ist und bleibt letztendlich immer die Wahrnehmung eines ICHs.<\/p><p>Und hier beginnt die Kunst der Kunst, die Kunst des Schaffenden, die Kunst des Kreativen, letztendlich die Kunst, der Welt eine neue, eigene Form oder aber Inhalt\u00a0 zu geben. Oder beides.<\/p><p>Das hei\u00dft, im sch\u00f6pferischen Akt <em>ver\u00e4ndert<\/em> der Kreative vorhandene Welt (z.B. aus der Milka-Kuh wird eine Molke-Kuh), oder aber er schafft eine neue Welt (z.B. durch ein abstraktes Bild\u00a0 oder Ding).<\/p><p>Dies ist oft ein leichter Sch\u00f6pfungsakt (&#8220;Es malt mich&#8221;) &#8211; oder aber ein langer, oft dramatischer, schmerzvoller Prozess im Atelier oder am Schreibtisch, bei dem man manchmal nicht wei\u00df, wie und wann man mit dem anfangen soll, was einen innerlich bewegt, wie man immer wieder ver\u00e4ndert und wann man letztendlich aufh\u00f6ren muss.<\/p><p>Es\u00a0 ist der Prozess, aus der Wirklichkeit der Wirklichkeit\u00a0 meiner eigenen Wirklichkeit zu gestalten.\u00a0<\/p><p>\u00a0<\/p>\t\t\t\t\t<\/div>\n\t\t\t\t\t\t<\/div>\n\t\t\t\t<\/div>\n\t\t\t\t\t\t<\/div>\n\t\t\t\t\t<\/div>\n\t\t<\/div>\n\t\t\t\t\t\t\t\t<\/div>\n\t\t\t\t\t<\/div>\n\t\t<\/section>\n\t\t\t\t\t\t\t\t\t<\/div>\n\t\t\t<\/div>\n\t\t\t\t\t<\/div>\n\t\t","protected":false},"excerpt":{"rendered":"<p>Wie wirklich ist die Wirklichkeit im kreativen Prozess? Wenn Immanuel Kant schreibt, dass man nie zu dem Ding an sich vordringen bedeutet dies, dass man\u00a0 nie die Realit\u00e4t sieht, sondern immer nur die eigene Realit\u00e4t jedes Einzelnen. Und kann aus unendlichen, pers\u00f6nlichen Realit\u00e4ten bestehen. Jedes Ding ist nicht nur ein [&hellip;]<\/p>\n","protected":false},"author":1,"featured_media":8465,"parent":0,"menu_order":0,"comment_status":"open","ping_status":"closed","template":"","meta":{"footnotes":""},"class_list":["post-2159","page","type-page","status-publish","has-post-thumbnail","hentry"],"_links":{"self":[{"href":"https:\/\/www.troesser-art.de\/index.php?rest_route=\/wp\/v2\/pages\/2159","targetHints":{"allow":["GET"]}}],"collection":[{"href":"https:\/\/www.troesser-art.de\/index.php?rest_route=\/wp\/v2\/pages"}],"about":[{"href":"https:\/\/www.troesser-art.de\/index.php?rest_route=\/wp\/v2\/types\/page"}],"author":[{"embeddable":true,"href":"https:\/\/www.troesser-art.de\/index.php?rest_route=\/wp\/v2\/users\/1"}],"replies":[{"embeddable":true,"href":"https:\/\/www.troesser-art.de\/index.php?rest_route=%2Fwp%2Fv2%2Fcomments&post=2159"}],"version-history":[{"count":19,"href":"https:\/\/www.troesser-art.de\/index.php?rest_route=\/wp\/v2\/pages\/2159\/revisions"}],"predecessor-version":[{"id":7950,"href":"https:\/\/www.troesser-art.de\/index.php?rest_route=\/wp\/v2\/pages\/2159\/revisions\/7950"}],"wp:featuredmedia":[{"embeddable":true,"href":"https:\/\/www.troesser-art.de\/index.php?rest_route=\/wp\/v2\/media\/8465"}],"wp:attachment":[{"href":"https:\/\/www.troesser-art.de\/index.php?rest_route=%2Fwp%2Fv2%2Fmedia&parent=2159"}],"curies":[{"name":"wp","href":"https:\/\/api.w.org\/{rel}","templated":true}]}}