{"id":110,"date":"2020-05-13T17:23:28","date_gmt":"2020-05-13T17:23:28","guid":{"rendered":"http:\/\/web349.c5.webspace-verkauf.de\/?page_id=110"},"modified":"2020-05-16T20:23:08","modified_gmt":"2020-05-16T20:23:08","slug":"kurz-und-fuendig-2","status":"publish","type":"page","link":"https:\/\/www.troesser-art.de\/?page_id=110","title":{"rendered":"Kurz und f\u00fcndig"},"content":{"rendered":"\t\t<div data-elementor-type=\"wp-page\" data-elementor-id=\"110\" class=\"elementor elementor-110\">\n\t\t\t\t\t\t<div class=\"elementor-inner\">\n\t\t\t\t<div class=\"elementor-section-wrap\">\n\t\t\t\t\t\t\t\t\t<section class=\"elementor-section elementor-top-section elementor-element elementor-element-ebced16 elementor-section-boxed elementor-section-height-default elementor-section-height-default\" data-id=\"ebced16\" data-element_type=\"section\">\n\t\t\t\t\t\t<div class=\"elementor-container elementor-column-gap-default\">\n\t\t\t\t\t\t\t<div class=\"elementor-row\">\n\t\t\t\t\t<div class=\"elementor-column elementor-col-100 elementor-top-column elementor-element elementor-element-ee8463c\" data-id=\"ee8463c\" data-element_type=\"column\">\n\t\t\t<div class=\"elementor-column-wrap elementor-element-populated\">\n\t\t\t\t\t\t\t<div class=\"elementor-widget-wrap\">\n\t\t\t\t\t\t<div class=\"elementor-element elementor-element-d9794bb elementor-widget elementor-widget-text-editor\" data-id=\"d9794bb\" data-element_type=\"widget\" data-widget_type=\"text-editor.default\">\n\t\t\t\t<div class=\"elementor-widget-container\">\n\t\t\t\t\t\t\t\t<div class=\"elementor-text-editor elementor-clearfix\">\n\t\t\t\t<h3><strong>Modalverderben<\/strong><\/h3><h4>Im Niemandland<br \/>Zwischen Wollen und M\u00fcssen<br \/>Strudelt das M\u00f6chten<br \/>Hilflos zum K\u00f6nnen<br \/>Bis das D\u00fcrfen f\u00fcr das Brauchen<br \/>Das Fenster zum Sollen \u00f6ffnet<\/h4><h3><strong>Weinbergschnecke<\/strong><\/h3><h4>Hinter einer Gartenhecke<br \/>Sitzt eingerollt die Weinbergschnecke<br \/>Sie hat sich in ihr Haus verzogen<br \/>Das bildet einen sch\u00f6nen Bogen<br \/>Hier drinnen, denkt sie, ist sie sicher<br \/>Vor jedem Menschenschneckenfischer<\/h4><h4>Der st\u00f6rt sich nicht am Schneckenhaus<br \/>Und zieht mit Kraft die Schnecke raus<\/h4><h3><strong>Nullen und Einsen<\/strong><\/h3><h4>Die digitale Null<br \/>Die digitale Eins<br \/>Zaubern unsichtbar<br \/>Bewegung in Welt<br \/>Unbemerkt<br \/>Sind sie nicht<\/h4><h3><strong>Ab und zu f\u00e4llt der Fall<\/strong><\/h3><h4>Der zufallende Fall<br \/>Wird Zufall des<br \/>Lebenden<\/h4><h4>Der abfallende Rest<br \/>Ist Abfall<br \/>Seiner Geschichte<\/h4><h3><strong>Der Gartenschlauch<\/strong><\/h3><h4>Ein fingerbreiter Gartenschlauch<br \/>Aus festem Material<br \/>Schl\u00e4ngelt durch einen Himbeerstrauch<br \/>Zum allerletzen Mal<\/h4><h4>Denn ein lauter Rasenschneider<br \/>Kommt hemmungslos vorbei<br \/>Den Gartenschlauch durch teilt er leider<br \/>Nun haben davon wir zwei<\/h4><h3><strong>Sch\u00f6ner Feind<\/strong><\/h3><h4>Nee, war das sch\u00f6n<br \/>Ja, es war sch\u00f6n<br \/>Nee, war das sch\u00f6n<br \/>Ja, es war wundersch\u00f6n<\/h4><h4>Sch\u00f6ner wird es nicht<br \/>Denn das Sch\u00f6nste<br \/>Ist der Feind des Sch\u00f6nen<\/h4><h3><strong>Metamorphose<\/strong><\/h3><h4>E<br \/>Ein<br \/>Eins<br \/>Einsam<br \/>Immerzu<br \/>Immer<br \/>Im\u00a0\u00a0\u00a0\u00a0\u00a0\u00a0\u00a0\u00a0\u00a0\u00a0\u00a0\u00a0\u00a0\u00a0\u00a0\u00a0\u00a0\u00a0\u00a0\u00a0\u00a0\u00a0\u00a0\u00a0\u00a0\u00a0\u00a0\u00a0\u00a0\u00a0\u00a0\u00a0\u00a0\u00a0\u00a0\u00a0\u00a0\u00a0\u00a0\u00a0\u00a0\u00a0\u00a0\u00a0\u00a0\u00a0\u00a0\u00a0\u00a0\u00a0\u00a0\u00a0\u00a0\u00a0\u00a0\u00a0\u00a0\u00a0\u00a0\u00a0\u00a0\u00a0\u00a0\u00a0\u00a0\u00a0\u00a0\u00a0\u00a0\u00a0\u00a0\u00a0\u00a0\u00a0\u00a0\u00a0\u00a0\u00a0\u00a0\u00a0\u00a0\u00a0\u00a0\u00a0\u00a0\u00a0\u00a0\u00a0\u00a0\u00a0\u00a0\u00a0\u00a0\u00a0\u00a0\u00a0\u00a0\u00a0\u00a0\u00a0\u00a0\u00a0\u00a0\u00a0\u00a0\u00a0\u00a0\u00a0\u00a0\u00a0\u00a0\u00a0\u00a0\u00a0\u00a0\u00a0\u00a0\u00a0\u00a0\u00a0\u00a0\u00a0\u00a0\u00a0\u00a0\u00a0\u00a0\u00a0\u00a0\u00a0\u00a0\u00a0\u00a0\u00a0\u00a0\u00a0\u00a0\u00a0\u00a0\u00a0\u00a0\u00a0\u00a0\u00a0\u00a0\u00a0\u00a0\u00a0\u00a0\u00a0\u00a0\u00a0\u00a0\u00a0\u00a0\u00a0\u00a0\u00a0\u00a0\u00a0\u00a0\u00a0\u00a0\u00a0\u00a0\u00a0\u00a0\u00a0\u00a0\u00a0\u00a0\u00a0\u00a0\u00a0\u00a0\u00a0\u00a0\u00a0\u00a0\u00a0\u00a0\u00a0\u00a0\u00a0\u00a0\u00a0\u00a0\u00a0\u00a0\u00a0\u00a0\u00a0\u00a0\u00a0\u00a0\u00a0\u00a0\u00a0\u00a0\u00a0\u00a0\u00a0\u00a0\u00a0\u00a0\u00a0\u00a0\u00a0\u00a0\u00a0\u00a0\u00a0\u00a0\u00a0\u00a0\u00a0\u00a0\u00a0\u00a0\u00a0\u00a0\u00a0\u00a0\u00a0\u00a0\u00a0\u00a0\u00a0\u00a0\u00a0\u00a0\u00a0\u00a0\u00a0\u00a0\u00a0\u00a0\u00a0\u00a0\u00a0\u00a0\u00a0\u00a0\u00a0\u00a0\u00a0\u00a0\u00a0\u00a0\u00a0\u00a0\u00a0\u00a0\u00a0\u00a0\u00a0\u00a0\u00a0\u00a0\u00a0\u00a0\u00a0\u00a0\u00a0\u00a0\u00a0\u00a0\u00a0\u00a0\u00a0\u00a0\u00a0\u00a0\u00a0\u00a0\u00a0\u00a0\u00a0\u00a0\u00a0\u00a0\u00a0\u00a0\u00a0\u00a0\u00a0\u00a0\u00a0\u00a0\u00a0\u00a0\u00a0\u00a0\u00a0\u00a0\u00a0\u00a0\u00a0\u00a0\u00a0\u00a0\u00a0\u00a0\u00a0\u00a0\u00a0\u00a0\u00a0\u00a0\u00a0\u00a0\u00a0\u00a0\u00a0\u00a0\u00a0\u00a0\u00a0\u00a0\u00a0\u00a0\u00a0\u00a0\u00a0\u00a0\u00a0\u00a0\u00a0\u00a0\u00a0\u00a0\u00a0\u00a0\u00a0\u00a0\u00a0\u00a0\u00a0\u00a0\u00a0\u00a0\u00a0\u00a0\u00a0\u00a0\u00a0\u00a0\u00a0\u00a0\u00a0\u00a0\u00a0\u00a0\u00a0\u00a0\u00a0\u00a0\u00a0\u00a0\u00a0\u00a0\u00a0\u00a0\u00a0\u00a0\u00a0\u00a0\u00a0\u00a0\u00a0\u00a0\u00a0\u00a0\u00a0\u00a0\u00a0\u00a0\u00a0\u00a0\u00a0\u00a0\u00a0\u00a0\u00a0<\/h4><h3><strong>Schlaue Mauer<br \/><\/strong><\/h3><h4>Die alte Klagemauer klagt<br \/>Weil keiner an der Klagemauer klagt<\/h4><h4>Seitdem ist die Klagemauer schlauer<br \/>Und hei\u00dft von nun an nur noch Mauer<\/h4><h3><strong>Seifenblase<\/strong><\/h3><h4>Vom Wunsch schwer getroffen<br \/>Drehen Blasen aus Seife<br \/>Kreisbunte Runden<br \/>In die d\u00fcnn werdende<br \/>Luft<\/h4><h4>Erst sp\u00e4t vergeht ihr Geh\u00e4use<br \/>Am fernen Verlangen<br \/>Der Wunsch platzt<br \/>So nicht<\/h4><h3><strong>Der gl\u00fcckliche Wunsch<\/strong><\/h3><h4>Auf dem Weg zum Erfolg<br \/>Verliert der Wunsch sein Motiv<br \/>Verf\u00fchrt von mutigen Begleitern<br \/>L\u00e4sst er den W\u00fcnschenden trostlos zur\u00fcck<br \/>Auch ohne Erfolg<br \/>Empfindet der Wunsch<br \/>Diesen Ausflug<br \/>Als Gl\u00fcck<\/h4><h3><strong>Tausch<br \/><\/strong><\/h3><h4>Es war einmal ein Kieselstein<br \/>Der w\u00fcrd so gern ein Wiesel sein<br \/>Denn Wiesel sind gemeinhin schneller<br \/>Als Kiesel auf dem Deko-Teller<\/h4><h4>Doch der Wiesel will nicht tauschen,<br \/>will lieber durch die Auen rauschen<br \/>Das nimmt der Kiesel ihm zwar krumm<br \/>Doch liegt der weiter knurrend rum<\/h4><h4>Was woll\u00b4n uns diese Zeilen sagen?<br \/>Man muss nicht stets nach Tauschen fragen<\/h4><h3><strong>Meersalzgrotte<\/strong><\/h3><h4>Es sa\u00df in einer Meersalzgrotte<br \/>Die splitternackte Liselotte<br \/>Doch pl\u00f6tzlich mag sie kein Salz mehr<br \/>Und seither ist die Grotte leer<\/h4><h4>P.S.<br \/>Am Abend ist ein Zungenkuss<br \/>Mit Salz im Mund kein Hochgenuss<\/h4><h3><strong>Netze<\/strong><\/h3><h4>Filigrane Spinnen<br \/>Netze halten mit<br \/>Kraft die Emotionen<br \/>Ein falsches Wort<br \/>Des Menschen<br \/>Und das Netz<br \/>Zerf\u00e4llt<\/h4><h4>Das Kn\u00fcpfen<br \/>Dauert oft<br \/>Ein ganzes<br \/>Leben<\/h4><h3><strong>Niemandsland<\/strong><\/h3><h4>Wenn die Pforte<br \/>Deiner Liebe<br \/>Sich verschlie\u00dft<br \/>Dein werben<br \/>Um N\u00e4he<br \/>Im Nichts<br \/>Verhallt<\/h4><h4>Zerbricht<br \/>Dein stetig<br \/>Verlangen<br \/>Im Niemandsland<br \/>Deines eigenen<br \/>Ichs<\/h4><h3><strong>Sonntagsbild<\/strong><\/h3><h4>Nicht mein Bild<br \/>Vom Sonntag<br \/>In grellroten Lettern<br \/>Kreischen Headlines<br \/>Mich an<\/h4><h4>Eher leises Get\u00f6se<br \/>Bei sanft dampfendem Ei<br \/>Erschl\u00e4gt mich die Liebe<br \/>Eines alternden Stars<br \/>Verschw\u00e4rzt mir<br \/>Die Lust<\/h4>\t\t\t\t\t<\/div>\n\t\t\t\t\t\t<\/div>\n\t\t\t\t<\/div>\n\t\t\t\t\t\t<\/div>\n\t\t\t\t\t<\/div>\n\t\t<\/div>\n\t\t\t\t\t\t\t\t<\/div>\n\t\t\t\t\t<\/div>\n\t\t<\/section>\n\t\t\t\t\t\t\t\t\t<\/div>\n\t\t\t<\/div>\n\t\t\t\t\t<\/div>\n\t\t","protected":false},"excerpt":{"rendered":"<p>Modalverderben Im NiemandlandZwischen Wollen und M\u00fcssenStrudelt das M\u00f6chtenHilflos zum K\u00f6nnenBis das D\u00fcrfen f\u00fcr das BrauchenDas Fenster zum Sollen \u00f6ffnet Weinbergschnecke Hinter einer GartenheckeSitzt eingerollt die WeinbergschneckeSie hat sich in ihr Haus verzogenDas bildet einen sch\u00f6nen BogenHier drinnen, denkt sie, ist sie sicherVor jedem Menschenschneckenfischer Der st\u00f6rt sich nicht am SchneckenhausUnd [&hellip;]<\/p>\n","protected":false},"author":1,"featured_media":0,"parent":0,"menu_order":0,"comment_status":"closed","ping_status":"closed","template":"page-templates\/page_fullwidth.php","meta":{"footnotes":""},"class_list":["post-110","page","type-page","status-publish","hentry"],"_links":{"self":[{"href":"https:\/\/www.troesser-art.de\/index.php?rest_route=\/wp\/v2\/pages\/110","targetHints":{"allow":["GET"]}}],"collection":[{"href":"https:\/\/www.troesser-art.de\/index.php?rest_route=\/wp\/v2\/pages"}],"about":[{"href":"https:\/\/www.troesser-art.de\/index.php?rest_route=\/wp\/v2\/types\/page"}],"author":[{"embeddable":true,"href":"https:\/\/www.troesser-art.de\/index.php?rest_route=\/wp\/v2\/users\/1"}],"replies":[{"embeddable":true,"href":"https:\/\/www.troesser-art.de\/index.php?rest_route=%2Fwp%2Fv2%2Fcomments&post=110"}],"version-history":[{"count":2,"href":"https:\/\/www.troesser-art.de\/index.php?rest_route=\/wp\/v2\/pages\/110\/revisions"}],"predecessor-version":[{"id":418,"href":"https:\/\/www.troesser-art.de\/index.php?rest_route=\/wp\/v2\/pages\/110\/revisions\/418"}],"wp:attachment":[{"href":"https:\/\/www.troesser-art.de\/index.php?rest_route=%2Fwp%2Fv2%2Fmedia&parent=110"}],"curies":[{"name":"wp","href":"https:\/\/api.w.org\/{rel}","templated":true}]}}