{"id":102,"date":"2020-05-13T17:21:24","date_gmt":"2020-05-13T17:21:24","guid":{"rendered":"http:\/\/web349.c5.webspace-verkauf.de\/?page_id=102"},"modified":"2024-06-27T12:53:54","modified_gmt":"2024-06-27T12:53:54","slug":"tod-frisst-leben","status":"publish","type":"page","link":"https:\/\/www.troesser-art.de\/?page_id=102","title":{"rendered":"Krankheit und Tod fressen Leben auf"},"content":{"rendered":"\t\t<div data-elementor-type=\"wp-page\" data-elementor-id=\"102\" class=\"elementor elementor-102\">\n\t\t\t\t\t\t<div class=\"elementor-inner\">\n\t\t\t\t<div class=\"elementor-section-wrap\">\n\t\t\t\t\t\t\t\t\t<section class=\"elementor-section elementor-top-section elementor-element elementor-element-6c587c1 elementor-section-boxed elementor-section-height-default elementor-section-height-default\" data-id=\"6c587c1\" data-element_type=\"section\">\n\t\t\t\t\t\t<div class=\"elementor-container elementor-column-gap-default\">\n\t\t\t\t\t\t\t<div class=\"elementor-row\">\n\t\t\t\t\t<div class=\"elementor-column elementor-col-100 elementor-top-column elementor-element elementor-element-b6490a5\" data-id=\"b6490a5\" data-element_type=\"column\">\n\t\t\t<div class=\"elementor-column-wrap elementor-element-populated\">\n\t\t\t\t\t\t\t<div class=\"elementor-widget-wrap\">\n\t\t\t\t\t\t<div class=\"elementor-element elementor-element-1fe796b elementor-widget elementor-widget-text-editor\" data-id=\"1fe796b\" data-element_type=\"widget\" data-widget_type=\"text-editor.default\">\n\t\t\t\t<div class=\"elementor-widget-container\">\n\t\t\t\t\t\t\t\t<div class=\"elementor-text-editor elementor-clearfix\">\n\t\t\t\t<p><strong>Absent<\/strong><\/p><p>Heimlich<br \/>Fliehen aus<br \/>Schl\u00e4fenlappen<br \/>Momente der eigenen<br \/>Auszeit entgegen<\/p><p>Entrollen<br \/>im Dunklen<br \/>Dem Diesseits<br \/>Der Sonne entr\u00fcckt<\/p><p>Selbstschutz versagt dem Wollen<br \/>Dem Wissen, der Sprache beraubt<br \/>Taumelt der Schritt<br \/>Strauchelt am Rand<br \/>Tasten verzweifelt<br \/>Kraftlos die H\u00e4nde<\/p><p>Die Flucht aus der Welt<br \/>Verschollen Gedanken<br \/>Lebenskr\u00e4fte<br \/>Verloren im Nichts<\/p><p>Dann<br \/>Aus dem<br \/>Dunstkreis<br \/>Des Nebels<br \/>Kehrt Leben<br \/>Zur\u00fcck<\/p>\t\t\t\t\t<\/div>\n\t\t\t\t\t\t<\/div>\n\t\t\t\t<\/div>\n\t\t\t\t<div class=\"elementor-element elementor-element-d50067c elementor-widget-divider--view-line elementor-widget elementor-widget-divider\" data-id=\"d50067c\" data-element_type=\"widget\" data-widget_type=\"divider.default\">\n\t\t\t\t<div class=\"elementor-widget-container\">\n\t\t\t\t\t<div class=\"elementor-divider\">\n\t\t\t<span class=\"elementor-divider-separator\">\n\t\t\t\t\t\t<\/span>\n\t\t<\/div>\n\t\t\t\t<\/div>\n\t\t\t\t<\/div>\n\t\t\t\t<div class=\"elementor-element elementor-element-4e30dfc elementor-widget elementor-widget-text-editor\" data-id=\"4e30dfc\" data-element_type=\"widget\" data-widget_type=\"text-editor.default\">\n\t\t\t\t<div class=\"elementor-widget-container\">\n\t\t\t\t\t\t\t\t<div class=\"elementor-text-editor elementor-clearfix\">\n\t\t\t\t<p><strong>Krebs<\/strong><\/p><p>Die Ungewissheit<br \/>Ist die gro\u00dfe Schwester<br \/>Des Wissens<br \/>Bestimmt \u00fcber<br \/>Leben und<br \/>Tod<\/p>\t\t\t\t\t<\/div>\n\t\t\t\t\t\t<\/div>\n\t\t\t\t<\/div>\n\t\t\t\t<div class=\"elementor-element elementor-element-8d66b17 elementor-widget-divider--view-line elementor-widget elementor-widget-divider\" data-id=\"8d66b17\" data-element_type=\"widget\" data-widget_type=\"divider.default\">\n\t\t\t\t<div class=\"elementor-widget-container\">\n\t\t\t\t\t<div class=\"elementor-divider\">\n\t\t\t<span class=\"elementor-divider-separator\">\n\t\t\t\t\t\t<\/span>\n\t\t<\/div>\n\t\t\t\t<\/div>\n\t\t\t\t<\/div>\n\t\t\t\t\t\t<\/div>\n\t\t\t\t\t<\/div>\n\t\t<\/div>\n\t\t\t\t\t\t\t\t<\/div>\n\t\t\t\t\t<\/div>\n\t\t<\/section>\n\t\t\t\t<section class=\"elementor-section elementor-top-section elementor-element elementor-element-10a4db9 elementor-section-boxed elementor-section-height-default elementor-section-height-default\" data-id=\"10a4db9\" data-element_type=\"section\">\n\t\t\t\t\t\t<div class=\"elementor-container elementor-column-gap-default\">\n\t\t\t\t\t\t\t<div class=\"elementor-row\">\n\t\t\t\t\t<div class=\"elementor-column elementor-col-100 elementor-top-column elementor-element elementor-element-5d3c15f\" data-id=\"5d3c15f\" data-element_type=\"column\">\n\t\t\t<div class=\"elementor-column-wrap elementor-element-populated\">\n\t\t\t\t\t\t\t<div class=\"elementor-widget-wrap\">\n\t\t\t\t\t\t<div class=\"elementor-element elementor-element-211fd6a elementor-widget elementor-widget-text-editor\" data-id=\"211fd6a\" data-element_type=\"widget\" data-widget_type=\"text-editor.default\">\n\t\t\t\t<div class=\"elementor-widget-container\">\n\t\t\t\t\t\t\t\t<div class=\"elementor-text-editor elementor-clearfix\">\n\t\t\t\t<p><strong>Komm<\/strong><\/p><p>Im Wartezimmer<br \/>des Lebens<br \/>sitzt man<br \/>Tag um Tag<br \/>im Verbund<br \/>mit anderen<br \/>leeren Gesichtern<br \/>streitet Angst mit<br \/>Hoffnung<br \/>Verzweiflung<br \/>mit Gl\u00fcck<\/p><p>Bis der Ruf<br \/>fast wie Erl\u00f6sung<br \/>ert\u00f6nt:<\/p><p>Komm !<\/p>\t\t\t\t\t<\/div>\n\t\t\t\t\t\t<\/div>\n\t\t\t\t<\/div>\n\t\t\t\t\t\t<\/div>\n\t\t\t\t\t<\/div>\n\t\t<\/div>\n\t\t\t\t\t\t\t\t<\/div>\n\t\t\t\t\t<\/div>\n\t\t<\/section>\n\t\t\t\t<section class=\"elementor-section elementor-top-section elementor-element elementor-element-209506f elementor-section-boxed elementor-section-height-default elementor-section-height-default\" data-id=\"209506f\" data-element_type=\"section\">\n\t\t\t\t\t\t<div class=\"elementor-container elementor-column-gap-default\">\n\t\t\t\t\t\t\t<div class=\"elementor-row\">\n\t\t\t\t\t<div class=\"elementor-column elementor-col-100 elementor-top-column elementor-element elementor-element-ee73461\" data-id=\"ee73461\" data-element_type=\"column\">\n\t\t\t<div class=\"elementor-column-wrap elementor-element-populated\">\n\t\t\t\t\t\t\t<div class=\"elementor-widget-wrap\">\n\t\t\t\t\t\t<div class=\"elementor-element elementor-element-fd06e46 elementor-widget-divider--view-line elementor-widget elementor-widget-divider\" data-id=\"fd06e46\" data-element_type=\"widget\" data-widget_type=\"divider.default\">\n\t\t\t\t<div class=\"elementor-widget-container\">\n\t\t\t\t\t<div class=\"elementor-divider\">\n\t\t\t<span class=\"elementor-divider-separator\">\n\t\t\t\t\t\t<\/span>\n\t\t<\/div>\n\t\t\t\t<\/div>\n\t\t\t\t<\/div>\n\t\t\t\t<div class=\"elementor-element elementor-element-bf94e75 elementor-widget elementor-widget-text-editor\" data-id=\"bf94e75\" data-element_type=\"widget\" data-widget_type=\"text-editor.default\">\n\t\t\t\t<div class=\"elementor-widget-container\">\n\t\t\t\t\t\t\t\t<div class=\"elementor-text-editor elementor-clearfix\">\n\t\t\t\t<p><strong>Fessel<\/strong><\/p><p>Krankheit<br \/>Ist eine Fessel<br \/>Die sich nur langsam<br \/>L\u00f6st<\/p><p>Die gel\u00f6ste Fessel<br \/>F\u00fchrt zur Freiheit<br \/>In der man wieder<br \/>Lernt zu gehen<\/p><p>Der gelernte Gang<br \/>F\u00fchrt zum Fall<br \/>Wird zur Fessel<br \/>Die dich nie mehr l\u00e4sst<\/p>\t\t\t\t\t<\/div>\n\t\t\t\t\t\t<\/div>\n\t\t\t\t<\/div>\n\t\t\t\t\t\t<\/div>\n\t\t\t\t\t<\/div>\n\t\t<\/div>\n\t\t\t\t\t\t\t\t<\/div>\n\t\t\t\t\t<\/div>\n\t\t<\/section>\n\t\t\t\t<section class=\"elementor-section elementor-top-section elementor-element elementor-element-d066492 elementor-section-boxed elementor-section-height-default elementor-section-height-default\" data-id=\"d066492\" data-element_type=\"section\">\n\t\t\t\t\t\t<div class=\"elementor-container elementor-column-gap-default\">\n\t\t\t\t\t\t\t<div class=\"elementor-row\">\n\t\t\t\t\t<div class=\"elementor-column elementor-col-100 elementor-top-column elementor-element elementor-element-a8b9f66\" data-id=\"a8b9f66\" data-element_type=\"column\">\n\t\t\t<div class=\"elementor-column-wrap elementor-element-populated\">\n\t\t\t\t\t\t\t<div class=\"elementor-widget-wrap\">\n\t\t\t\t\t\t<div class=\"elementor-element elementor-element-0c94fee elementor-widget-divider--view-line elementor-widget elementor-widget-divider\" data-id=\"0c94fee\" data-element_type=\"widget\" data-widget_type=\"divider.default\">\n\t\t\t\t<div class=\"elementor-widget-container\">\n\t\t\t\t\t<div class=\"elementor-divider\">\n\t\t\t<span class=\"elementor-divider-separator\">\n\t\t\t\t\t\t<\/span>\n\t\t<\/div>\n\t\t\t\t<\/div>\n\t\t\t\t<\/div>\n\t\t\t\t\t\t<\/div>\n\t\t\t\t\t<\/div>\n\t\t<\/div>\n\t\t\t\t\t\t\t\t<\/div>\n\t\t\t\t\t<\/div>\n\t\t<\/section>\n\t\t\t\t<section class=\"elementor-section elementor-top-section elementor-element elementor-element-cfd86fd elementor-section-boxed elementor-section-height-default elementor-section-height-default\" data-id=\"cfd86fd\" data-element_type=\"section\">\n\t\t\t\t\t\t<div class=\"elementor-container elementor-column-gap-default\">\n\t\t\t\t\t\t\t<div class=\"elementor-row\">\n\t\t\t\t\t<div class=\"elementor-column elementor-col-100 elementor-top-column elementor-element elementor-element-04e9cbe\" data-id=\"04e9cbe\" data-element_type=\"column\">\n\t\t\t<div class=\"elementor-column-wrap elementor-element-populated\">\n\t\t\t\t\t\t\t<div class=\"elementor-widget-wrap\">\n\t\t\t\t\t\t<div class=\"elementor-element elementor-element-a26de7a elementor-widget elementor-widget-text-editor\" data-id=\"a26de7a\" data-element_type=\"widget\" data-widget_type=\"text-editor.default\">\n\t\t\t\t<div class=\"elementor-widget-container\">\n\t\t\t\t\t\t\t\t<div class=\"elementor-text-editor elementor-clearfix\">\n\t\t\t\t<p><strong>Heilen<\/strong><\/p><p>Aus lauter Angst<br \/>Nicht geliebt zu werden<br \/>Leckt man ein Leben lang<br \/>Seine Wunden<\/p><p>Gibt ihnen keine Chance<br \/>Jemals selbst zu heilen<\/p>\t\t\t\t\t<\/div>\n\t\t\t\t\t\t<\/div>\n\t\t\t\t<\/div>\n\t\t\t\t<div class=\"elementor-element elementor-element-883264b elementor-widget-divider--view-line elementor-widget elementor-widget-divider\" data-id=\"883264b\" data-element_type=\"widget\" data-widget_type=\"divider.default\">\n\t\t\t\t<div class=\"elementor-widget-container\">\n\t\t\t\t\t<div class=\"elementor-divider\">\n\t\t\t<span class=\"elementor-divider-separator\">\n\t\t\t\t\t\t<\/span>\n\t\t<\/div>\n\t\t\t\t<\/div>\n\t\t\t\t<\/div>\n\t\t\t\t<div class=\"elementor-element elementor-element-95bba00 elementor-widget elementor-widget-text-editor\" data-id=\"95bba00\" data-element_type=\"widget\" data-widget_type=\"text-editor.default\">\n\t\t\t\t<div class=\"elementor-widget-container\">\n\t\t\t\t\t\t\t\t<div class=\"elementor-text-editor elementor-clearfix\">\n\t\t\t\t<p><strong>Flug \u00fcber das Meer<\/strong><\/p><p>Am Abhang stehen<br \/>Die Nacht den Nebel schlucken<br \/>Suchst Du das Ende des Meeres<\/p><p>Findest nur die R\u00e4nder<br \/>Deiner unerf\u00fcllten Fantasie<br \/>Siehst Dich am Ende der<br \/>Vergessenen Landkarte<br \/>Den d\u00fcnner werdenden Morgentau<br \/>Die schlafdurchtr\u00e4nkten Augen<br \/>N\u00e4hren<\/p><p>St\u00f6\u00dft den Schrei aus<br \/>Der Dich aus dem Mutterleib<br \/>Gepresst zum wievielten Mal<br \/>F\u00fchlst Deine schmerzdurchsetzten Lungen<br \/>Voll blecherner Luft<br \/>Dein Herz in die dunkelste<br \/>Ecke dr\u00e4ngen<\/p><p>Erhebst deine<br \/>Schwerf\u00e4lligen Fl\u00fcgen zum<br \/>Flug \u00fcber das Meer<br \/>Zum Tod<br \/>Und<br \/>Zur\u00fcck<\/p>\t\t\t\t\t<\/div>\n\t\t\t\t\t\t<\/div>\n\t\t\t\t<\/div>\n\t\t\t\t<div class=\"elementor-element elementor-element-b5f2227 elementor-widget-divider--view-line elementor-widget elementor-widget-divider\" data-id=\"b5f2227\" data-element_type=\"widget\" data-widget_type=\"divider.default\">\n\t\t\t\t<div class=\"elementor-widget-container\">\n\t\t\t\t\t<div class=\"elementor-divider\">\n\t\t\t<span class=\"elementor-divider-separator\">\n\t\t\t\t\t\t<\/span>\n\t\t<\/div>\n\t\t\t\t<\/div>\n\t\t\t\t<\/div>\n\t\t\t\t<div class=\"elementor-element elementor-element-8396a2a elementor-widget elementor-widget-text-editor\" data-id=\"8396a2a\" data-element_type=\"widget\" data-widget_type=\"text-editor.default\">\n\t\t\t\t<div class=\"elementor-widget-container\">\n\t\t\t\t\t\t\t\t<div class=\"elementor-text-editor elementor-clearfix\">\n\t\t\t\t<h2>\u00a0<\/h2><div><\/div>\t\t\t\t\t<\/div>\n\t\t\t\t\t\t<\/div>\n\t\t\t\t<\/div>\n\t\t\t\t\t\t<\/div>\n\t\t\t\t\t<\/div>\n\t\t<\/div>\n\t\t\t\t\t\t\t\t<\/div>\n\t\t\t\t\t<\/div>\n\t\t<\/section>\n\t\t\t\t<section class=\"elementor-section elementor-top-section elementor-element elementor-element-8ee6a82 elementor-section-boxed elementor-section-height-default elementor-section-height-default\" data-id=\"8ee6a82\" data-element_type=\"section\">\n\t\t\t\t\t\t<div class=\"elementor-container elementor-column-gap-default\">\n\t\t\t\t\t\t\t<div class=\"elementor-row\">\n\t\t\t\t\t<div class=\"elementor-column elementor-col-100 elementor-top-column elementor-element elementor-element-5ad45e6\" data-id=\"5ad45e6\" data-element_type=\"column\">\n\t\t\t<div class=\"elementor-column-wrap elementor-element-populated\">\n\t\t\t\t\t\t\t<div class=\"elementor-widget-wrap\">\n\t\t\t\t\t\t<div class=\"elementor-element elementor-element-2b62cd1 elementor-widget-divider--view-line elementor-widget elementor-widget-divider\" data-id=\"2b62cd1\" data-element_type=\"widget\" data-widget_type=\"divider.default\">\n\t\t\t\t<div class=\"elementor-widget-container\">\n\t\t\t\t\t<div class=\"elementor-divider\">\n\t\t\t<span class=\"elementor-divider-separator\">\n\t\t\t\t\t\t<\/span>\n\t\t<\/div>\n\t\t\t\t<\/div>\n\t\t\t\t<\/div>\n\t\t\t\t\t\t<\/div>\n\t\t\t\t\t<\/div>\n\t\t<\/div>\n\t\t\t\t\t\t\t\t<\/div>\n\t\t\t\t\t<\/div>\n\t\t<\/section>\n\t\t\t\t\t\t\t\t\t<\/div>\n\t\t\t<\/div>\n\t\t\t\t\t<\/div>\n\t\t","protected":false},"excerpt":{"rendered":"<p>Absent HeimlichFliehen ausSchl\u00e4fenlappenMomente der eigenenAuszeit entgegen Entrollenim DunklenDem DiesseitsDer Sonne entr\u00fcckt Selbstschutz versagt dem WollenDem Wissen, der Sprache beraubtTaumelt der SchrittStrauchelt am RandTasten verzweifeltKraftlos die H\u00e4nde Die Flucht aus der WeltVerschollen GedankenLebenskr\u00e4fteVerloren im Nichts DannAus demDunstkreisDes NebelsKehrt LebenZur\u00fcck Krebs Die UngewissheitIst die gro\u00dfe SchwesterDes WissensBestimmt \u00fcberLeben undTod Komm Im Wartezimmerdes [&hellip;]<\/p>\n","protected":false},"author":1,"featured_media":3519,"parent":0,"menu_order":0,"comment_status":"open","ping_status":"closed","template":"","meta":{"footnotes":""},"class_list":["post-102","page","type-page","status-publish","has-post-thumbnail","hentry"],"_links":{"self":[{"href":"https:\/\/www.troesser-art.de\/index.php?rest_route=\/wp\/v2\/pages\/102","targetHints":{"allow":["GET"]}}],"collection":[{"href":"https:\/\/www.troesser-art.de\/index.php?rest_route=\/wp\/v2\/pages"}],"about":[{"href":"https:\/\/www.troesser-art.de\/index.php?rest_route=\/wp\/v2\/types\/page"}],"author":[{"embeddable":true,"href":"https:\/\/www.troesser-art.de\/index.php?rest_route=\/wp\/v2\/users\/1"}],"replies":[{"embeddable":true,"href":"https:\/\/www.troesser-art.de\/index.php?rest_route=%2Fwp%2Fv2%2Fcomments&post=102"}],"version-history":[{"count":31,"href":"https:\/\/www.troesser-art.de\/index.php?rest_route=\/wp\/v2\/pages\/102\/revisions"}],"predecessor-version":[{"id":8891,"href":"https:\/\/www.troesser-art.de\/index.php?rest_route=\/wp\/v2\/pages\/102\/revisions\/8891"}],"wp:featuredmedia":[{"embeddable":true,"href":"https:\/\/www.troesser-art.de\/index.php?rest_route=\/wp\/v2\/media\/3519"}],"wp:attachment":[{"href":"https:\/\/www.troesser-art.de\/index.php?rest_route=%2Fwp%2Fv2%2Fmedia&parent=102"}],"curies":[{"name":"wp","href":"https:\/\/api.w.org\/{rel}","templated":true}]}}